{"id":690,"date":"2025-09-02T10:29:03","date_gmt":"2025-09-02T13:29:03","guid":{"rendered":"https:\/\/metviral.com\/?page_id=690"},"modified":"2025-09-24T11:12:43","modified_gmt":"2025-09-24T14:12:43","slug":"saiba-como-garantir-sua-casa-nova-pelo-minha-casa-minha-vida-antes-que-seja-tarde","status":"publish","type":"page","link":"https:\/\/metviral.com\/fr\/saiba-como-garantir-sua-casa-nova-pelo-minha-casa-minha-vida-antes-que-seja-tarde\/","title":{"rendered":"Apprenez \u00e0 s\u00e9curiser votre nouvelle maison avec Minha Casa Minha Vida avant qu'il ne soit trop tard !"},"content":{"rendered":"<html><body><div data-elementor-type=\"wp-page\" data-elementor-id=\"690\" class=\"elementor elementor-690\">\n\t\t\t\t\t\t<section class=\"elementor-section elementor-top-section elementor-element elementor-element-46dca58d elementor-section-boxed elementor-section-height-default elementor-section-height-default\" data-id=\"46dca58d\" data-element_type=\"section\">\n\t\t\t\t\t\t<div class=\"elementor-container elementor-column-gap-default\">\n\t\t\t\t\t<div class=\"elementor-column elementor-col-100 elementor-top-column elementor-element elementor-element-fac3a1e\" data-id=\"fac3a1e\" data-element_type=\"column\">\n\t\t\t<div class=\"elementor-widget-wrap elementor-element-populated\">\n\t\t\t\t\t\t<div class=\"elementor-element elementor-element-a18e357 elementor-widget__width-initial elementor-widget elementor-widget-html\" data-id=\"a18e357\" data-element_type=\"widget\" data-widget_type=\"html.default\">\n\t\t\t\t\t<center>  \n   <script>\nvar Content1_slot;\ngoogletag.cmd.push(function() {\n    \n    var mapping = googletag.sizeMapping().addSize([0, 0], ['fluid',[250, 250],[300, 250],[336, 280]]).build();\n    \n    Content1_slot = googletag.defineSlot(\"\/23307682239\/metviral.com\/Metviral_WEB_Content1_20250923\",[[250, 250],[300, 250],[336, 280]], \"Content1\")\n                            .defineSizeMapping(mapping)\n                            .setCollapseEmptyDiv(true)\n                            .addService(googletag.pubads());\n        \n                    googletag.enableServices();\n\n});\n<\/script>\n\n<div id=\"Content1\">\n    <script>\n            googletag.cmd.push(function() { googletag.display('Content1'); });\n    <\/script>\n<\/div>\n<\/center> \t\t\t\t<\/div>\n\t\t\t\t\t<\/div>\n\t\t<\/div>\n\t\t\t\t\t<\/div>\n\t\t<\/section>\n\t\t\t\t<section class=\"elementor-section elementor-top-section elementor-element elementor-element-48e6f81f elementor-section-boxed elementor-section-height-default elementor-section-height-default\" data-id=\"48e6f81f\" data-element_type=\"section\">\n\t\t\t\t\t\t<div class=\"elementor-container elementor-column-gap-default\">\n\t\t\t\t\t<div class=\"elementor-column elementor-col-100 elementor-top-column elementor-element elementor-element-62745e38\" data-id=\"62745e38\" data-element_type=\"column\">\n\t\t\t<div class=\"elementor-widget-wrap elementor-element-populated\">\n\t\t\t\t\t\t<div class=\"elementor-element elementor-element-459f143 elementor-widget elementor-widget-text-editor\" data-id=\"459f143\" data-element_type=\"widget\" data-widget_type=\"text-editor.default\">\n\t\t\t\t\t\t\t\t\t<p data-start=\"108\" data-end=\"270\">Saviez-vous qu'il existe un moyen peu connu de s'enregistrer aupr\u00e8s de l'Agence europ\u00e9enne pour la s\u00e9curit\u00e9 et la sant\u00e9 au travail ? <strong data-start=\"178\" data-end=\"203\">Ma maison Ma vie<\/strong>et que cela pourrait vous assurer une place avant la plupart des gens ?<\/p><p data-start=\"272\" data-end=\"510\">De nombreuses familles ont d\u00e9j\u00e0 \u00e9t\u00e9 approuv\u00e9es, tandis que d'autres, qui ont \u00e9galement droit \u00e0 une aide, attendent toujours une simple information. Le secret consiste \u00e0 savoir exactement o\u00f9 cliquer, quoi leur dire et quel est le bon moment pour agir.<\/p>\t\t\t\t\t\t\t\t<\/div>\n\t\t\t\t\t<\/div>\n\t\t<\/div>\n\t\t\t\t\t<\/div>\n\t\t<\/section>\n\t\t\t\t<section class=\"elementor-section elementor-top-section elementor-element elementor-element-439d6f48 elementor-section-boxed elementor-section-height-default elementor-section-height-default\" data-id=\"439d6f48\" data-element_type=\"section\" data-settings='{\"background_background\":\"classic\"}'>\n\t\t\t\t\t\t<div class=\"elementor-container elementor-column-gap-default\">\n\t\t\t\t\t<div class=\"elementor-column elementor-col-100 elementor-top-column elementor-element elementor-element-642e25e0\" data-id=\"642e25e0\" data-element_type=\"column\">\n\t\t\t<div class=\"elementor-widget-wrap elementor-element-populated\">\n\t\t\t\t\t\t<section class=\"elementor-section elementor-inner-section elementor-element elementor-element-52a31975 elementor-section-boxed elementor-section-height-default elementor-section-height-default\" data-id=\"52a31975\" data-element_type=\"section\">\n\t\t\t\t\t\t<div class=\"elementor-container elementor-column-gap-default\">\n\t\t\t\t\t<div class=\"elementor-column elementor-col-50 elementor-inner-column elementor-element elementor-element-386e718b\" data-id=\"386e718b\" data-element_type=\"column\">\n\t\t\t<div class=\"elementor-widget-wrap elementor-element-populated\">\n\t\t\t\t\t\t<div class=\"elementor-element elementor-element-27632e58 elementor-widget elementor-widget-image\" data-id=\"27632e58\" data-element_type=\"widget\" data-widget_type=\"image.default\">\n\t\t\t\t\t\t\t\t\t\t\t\t\t\t\t<img fetchpriority=\"high\" decoding=\"async\" width=\"942\" height=\"628\" src=\"https:\/\/metviral.com\/wp-content\/uploads\/2025\/09\/Inserir-um-titulo-15.jpg\" class=\"attachment-large size-large wp-image-696\" alt=\"\" srcset=\"https:\/\/metviral.com\/wp-content\/uploads\/2025\/09\/Inserir-um-titulo-15.jpg 942w, https:\/\/metviral.com\/wp-content\/uploads\/2025\/09\/Inserir-um-titulo-15-300x200.jpg 300w, https:\/\/metviral.com\/wp-content\/uploads\/2025\/09\/Inserir-um-titulo-15-768x512.jpg 768w\" sizes=\"(max-width: 942px) 100vw, 942px\">\t\t\t\t\t\t\t\t\t\t\t\t\t\t\t<\/div>\n\t\t\t\t\t<\/div>\n\t\t<\/div>\n\t\t\t\t<div class=\"elementor-column elementor-col-50 elementor-inner-column elementor-element elementor-element-369cfd1b\" data-id=\"369cfd1b\" data-element_type=\"column\">\n\t\t\t<div class=\"elementor-widget-wrap elementor-element-populated\">\n\t\t\t\t\t\t<div class=\"elementor-element elementor-element-14e42aaf elementor-widget elementor-widget-heading\" data-id=\"14e42aaf\" data-element_type=\"widget\" data-widget_type=\"heading.default\">\n\t\t\t\t\t<h3 class=\"elementor-heading-title elementor-size-default\">Pas \u00e0 pas pour s'inscrire \u00e0 Minha Casa Minha Vida<\/h3>\t\t\t\t<\/div>\n\t\t\t\t<div class=\"elementor-element elementor-element-f35e62c elementor-widget elementor-widget-text-editor\" data-id=\"f35e62c\" data-element_type=\"widget\" data-widget_type=\"text-editor.default\">\n\t\t\t\t\t\t\t\t\t<p>D\u00e9couvrez comment des milliers de Br\u00e9siliens acc\u00e8dent \u00e0 la propri\u00e9t\u00e9 gr\u00e2ce \u00e0 ce programme. <strong data-start=\"669\" data-end=\"694\">Ma maison Ma vie<\/strong>!<\/p>\t\t\t\t\t\t\t\t<\/div>\n\t\t\t\t<div class=\"elementor-element elementor-element-ea69395 elementor-widget elementor-widget-html\" data-id=\"ea69395\" data-element_type=\"widget\" data-widget_type=\"html.default\">\n\t\t\t\t\t<a class=\"reward-ads\" href=\"https:\/\/metviral.com\/fr\/o-segredo-pouco-divulgado-para-garantir-sua-casa-pelo-minha-casa-minha-vida\/\" style=\"  display: flex;  align-items: center;  justify-content: space-between;  background-color: #00AD3A;  border-radius: 10px;  box-shadow: 0 2px 6px rgba(0,0,0,0.1);  padding: 12px 18px;  margin: 10px auto;  max-width: 700px;  text-decoration: none;  color: #ffffff;  font-family: Arial, sans-serif;\">\r\n  <div>\r\n    <strong style=\"color: #ffffff; font-size: 15px;\">COMMENT S'INSCRIRE<\/strong><br>\r\n    <span style=\"font-size: 12px; color: #ffffff;\">Cliquez ici pour en savoir plus !<\/span>\r\n  <\/div>\r\n  <div style=\"font-size: 18px; color: #ffffff; margin-left: 10px;\">\u27a4<\/div>\r\n<\/a>\r\n\r\n<style>\r\n  @media (max-width: 480px) {\r\n    .reward-ads {\r\n      padding: 6px 12px !important;\r\n    }\r\n    .reward-ads strong {\r\n      font-size: 14px !important;\r\n    }\r\n    .reward-ads span {\r\n      font-size: 12px !important;\r\n    }\r\n    .reward-ads div:last-child {\r\n      font-size: 16px !important;\r\n    }\r\n  }\r\n<\/style>\r\n\t\t\t\t<\/div>\n\t\t\t\t<div class=\"elementor-element elementor-element-7404cbd elementor-widget elementor-widget-heading\" data-id=\"7404cbd\" data-element_type=\"widget\" data-widget_type=\"heading.default\">\n\t\t\t\t\t<h5 class=\"elementor-heading-title elementor-size-default\">Vous resterez sur le m\u00eame site.<\/h5>\t\t\t\t<\/div>\n\t\t\t\t\t<\/div>\n\t\t<\/div>\n\t\t\t\t\t<\/div>\n\t\t<\/section>\n\t\t\t\t\t<\/div>\n\t\t<\/div>\n\t\t\t\t\t<\/div>\n\t\t<\/section>\n\t\t\t\t<section class=\"elementor-section elementor-top-section elementor-element elementor-element-1fe13e6b elementor-section-boxed elementor-section-height-default elementor-section-height-default\" data-id=\"1fe13e6b\" data-element_type=\"section\">\n\t\t\t\t\t\t<div class=\"elementor-container elementor-column-gap-default\">\n\t\t\t\t\t<div class=\"elementor-column elementor-col-100 elementor-top-column elementor-element elementor-element-10dbf58e\" data-id=\"10dbf58e\" data-element_type=\"column\">\n\t\t\t<div class=\"elementor-widget-wrap elementor-element-populated\">\n\t\t\t\t\t\t<div class=\"elementor-element elementor-element-6081471d elementor-widget elementor-widget-text-editor\" data-id=\"6081471d\" data-element_type=\"widget\" data-widget_type=\"text-editor.default\">\n\t\t\t\t\t\t\t\t\t<p data-start=\"847\" data-end=\"1044\">Le programme a \u00e9t\u00e9 mis \u00e0 jour, les crit\u00e8res ont chang\u00e9 et des milliers de personnes sont d\u00e9j\u00e0 discr\u00e8tement prises en consid\u00e9ration. Ceux qui tardent sont perdants, car la file d'attente est rapide et les logements sont limit\u00e9s.<\/p><p data-start=\"1046\" data-end=\"1268\">Vous pourriez \u00eatre \u00e0 deux doigts de s\u00e9curiser votre logement en b\u00e9n\u00e9ficiant d'un acompte facile, de versements r\u00e9duits ou m\u00eame d'une exon\u00e9ration totale. Oui, c'est d\u00e9j\u00e0 le cas, mais pas pour ceux qui attendent les nouvelles \u00e0 la t\u00e9l\u00e9vision.<\/p><h3 data-start=\"1270\" data-end=\"1340\">Pourquoi tant de personnes passent-elles \u00e0 c\u00f4t\u00e9 de cette opportunit\u00e9 ?<\/h3><p data-start=\"1341\" data-end=\"1480\">Certains croient encore que le programme est \"r\u00e9serv\u00e9 aux b\u00e9n\u00e9ficiaires de la Bolsa Fam\u00edlia\" ou que le processus est trop bureaucratique. Cette erreur est co\u00fbteuse.<\/p><p data-start=\"1482\" data-end=\"1663\">Aujourd'hui <strong data-start=\"1490\" data-end=\"1515\">Ma maison Ma vie<\/strong> Il s'adresse \u00e0 diff\u00e9rentes tranches de revenus, et de nombreuses personnes b\u00e9n\u00e9ficient d\u00e9j\u00e0 d'une autorisation sans avoir recours \u00e0 d'autres prestations sociales, simplement en suivant la proc\u00e9dure correcte.<\/p><p data-start=\"1665\" data-end=\"1894\">De plus, la plupart des enregistrements refus\u00e9s ont un point commun : des donn\u00e9es obsol\u00e8tes, des documents erron\u00e9s ou un enregistrement au mauvais endroit. La bonne nouvelle, c'est que tout cela peut \u00eatre corrig\u00e9 d\u00e8s maintenant, 100% en ligne et gratuitement.<\/p><h3 data-start=\"1896\" data-end=\"1950\">Saviez-vous que vous pouvez tout faire sur votre t\u00e9l\u00e9phone portable ?<\/h3><p data-start=\"1951\" data-end=\"2049\">Pas besoin de faire la queue. L'ensemble du processus peut \u00eatre effectu\u00e9 depuis votre domicile, \u00e0 l'aide de votre seul t\u00e9l\u00e9phone portable.<\/p><p data-start=\"2051\" data-end=\"2212\">Gr\u00e2ce \u00e0 l'application officielle de la Caixa, vous pouvez simuler des versements, envoyer des documents et suivre l'analyse.\u00a0<\/p><p data-start=\"2214\" data-end=\"2377\">Peu de gens le savent, mais il existe des raccourcis strat\u00e9giques pour remplir le formulaire de demande, qui augmentent vos chances d'approbation.<\/p><p data-start=\"2379\" data-end=\"2523\">Si vous en avez assez de payer un loyer, de vivre de faveurs ou si vous r\u00eavez d'avoir une maison pour votre famille, c'est peut-\u00eatre la chance que vous attendez.<\/p><p data-start=\"2525\" data-end=\"2661\">Mais attention : les biens sont limit\u00e9s par r\u00e9gion, et plus vous tardez, plus la concurrence est forte. Ceux qui anticipent en sortent gagnants.<\/p><p data-start=\"2525\" data-end=\"2661\">\u00a0Cliquez sur le bouton ci-dessous et consultez les instructions d\u00e9taill\u00e9es, \u00e9tape par \u00e9tape, pour vous inscrire sur le site web de la Commission europ\u00e9enne. <strong data-start=\"2743\" data-end=\"2768\">Ma maison Ma vie<\/strong> aujourd'hui - avant que les nouvelles s\u00e9lections ne soient cl\u00f4tur\u00e9es !<\/p>\t\t\t\t\t\t\t\t<\/div>\n\t\t\t\t\t<\/div>\n\t\t<\/div>\n\t\t\t\t\t<\/div>\n\t\t<\/section>\n\t\t\t\t<section class=\"elementor-section elementor-top-section elementor-element elementor-element-73079aa0 elementor-section-boxed elementor-section-height-default elementor-section-height-default\" data-id=\"73079aa0\" data-element_type=\"section\">\n\t\t\t\t\t\t<div class=\"elementor-container elementor-column-gap-default\">\n\t\t\t\t\t<div class=\"elementor-column elementor-col-100 elementor-top-column elementor-element elementor-element-4ba053aa\" data-id=\"4ba053aa\" data-element_type=\"column\">\n\t\t\t<div class=\"elementor-widget-wrap elementor-element-populated\">\n\t\t\t\t\t\t<div class=\"elementor-element elementor-element-3415377 elementor-widget elementor-widget-html\" data-id=\"3415377\" data-element_type=\"widget\" data-widget_type=\"html.default\">\n\t\t\t\t\t<!-- Inclua a biblioteca do FontAwesome no <head> do seu site se ainda n&atilde;o tiver -->\r\n<link href=\"https:\/\/cdnjs.cloudflare.com\/ajax\/libs\/font-awesome\/6.5.1\/css\/all.min.css\" rel=\"stylesheet\">\r\n\r\n<a class=\"reward-ads\" href=\"https:\/\/metviral.com\/fr\/o-segredo-pouco-divulgado-para-garantir-sua-casa-pelo-minha-casa-minha-vida\/\" style=\"  display: flex;  align-items: center;  justify-content: space-between;  background-color: #0053E6;  border-radius: 10px;  box-shadow: 0 2px 6px rgba(0,0,0,0.1);  padding: 12px 18px;  margin: 10px auto;  max-width: 700px;  text-decoration: none;  color: #ffffff;  font-family: Arial, sans-serif;\">\r\n  <div style=\"display: flex; align-items: center; gap: 8px;\">\r\n    <i class=\"fas fa-arrow-alt-circle-right\" style=\"font-size: 18px; color: #ffffff;\"><\/i>\r\n    <strong style=\"color: #ffffff; font-size: 15px;\">COMMENT S'INSCRIRE, \u00c9TAPE PAR \u00c9TAPE<\/strong>\r\n  <\/div>\r\n  <div style=\"font-size: 18px; color: #ffffff; margin-left: 10px;\">\u27a4<\/div>\r\n<\/a>\r\n\r\n<style>\r\n  @media (max-width: 480px) {\r\n    .reward-ads {\r\n      padding: 6px 12px !important;\r\n    }\r\n    .reward-ads strong {\r\n      font-size: 14px !important;\r\n    }\r\n    .reward-ads span {\r\n      font-size: 12px !important;\r\n    }\r\n    .reward-ads div:last-child {\r\n      font-size: 16px !important;\r\n    }\r\n  }\r\n<\/style>\r\n\t\t\t\t<\/div>\n\t\t\t\t<div class=\"elementor-element elementor-element-12da1c13 elementor-widget elementor-widget-heading\" data-id=\"12da1c13\" data-element_type=\"widget\" data-widget_type=\"heading.default\">\n\t\t\t\t\t<h5 class=\"elementor-heading-title elementor-size-default\">Vous resterez sur le m\u00eame site.<\/h5>\t\t\t\t<\/div>\n\t\t\t\t\t<\/div>\n\t\t<\/div>\n\t\t\t\t\t<\/div>\n\t\t<\/section>\n\t\t\t\t<\/div>\n\t\t<\/body><\/html>","protected":false},"excerpt":{"rendered":"<p>Voc\u00ea sabia que existe um caminho pouco divulgado para se cadastrar no Minha Casa Minha Vida, e que isso pode garantir sua vaga antes da maioria das pessoas? Muitas fam\u00edlias j\u00e1 est\u00e3o sendo aprovadas enquanto outras, que tamb\u00e9m t\u00eam direito, continuam aguardando apenas por falta de uma simples informa\u00e7\u00e3o. O segredo est\u00e1 em saber exatamente [&hellip;]<\/p>","protected":false},"author":2,"featured_media":0,"parent":0,"menu_order":0,"comment_status":"closed","ping_status":"closed","template":"","meta":{"footnotes":""},"class_list":["post-690","page","type-page","status-publish","hentry"],"yoast_head":"<!-- This site is optimized with the Yoast SEO Premium plugin v25.9 (Yoast SEO v25.9) - https:\/\/yoast.com\/wordpress\/plugins\/seo\/ -->\n<title>Saiba Como Garantir Sua Casa Nova pelo Minha Casa Minha Vida Antes que Seja Tarde! - Met Viral<\/title>\n<meta name=\"robots\" content=\"index, follow, max-snippet:-1, max-image-preview:large, max-video-preview:-1\" \/>\n<link rel=\"canonical\" href=\"https:\/\/metviral.com\/fr\/saiba-como-garantir-sua-casa-nova-pelo-minha-casa-minha-vida-antes-que-seja-tarde\/\" \/>\n<meta property=\"og:locale\" content=\"fr_FR\" \/>\n<meta property=\"og:type\" content=\"article\" \/>\n<meta property=\"og:title\" content=\"Saiba Como Garantir Sua Casa Nova pelo Minha Casa Minha Vida Antes que Seja Tarde!\" \/>\n<meta property=\"og:description\" content=\"Voc\u00ea sabia que existe um caminho pouco divulgado para se cadastrar no Minha Casa Minha Vida, e que isso pode garantir sua vaga antes da maioria das pessoas? Muitas fam\u00edlias j\u00e1 est\u00e3o sendo aprovadas enquanto outras, que tamb\u00e9m t\u00eam direito, continuam aguardando apenas por falta de uma simples informa\u00e7\u00e3o. O segredo est\u00e1 em saber exatamente [&hellip;]\" \/>\n<meta property=\"og:url\" content=\"https:\/\/metviral.com\/fr\/saiba-como-garantir-sua-casa-nova-pelo-minha-casa-minha-vida-antes-que-seja-tarde\/\" \/>\n<meta property=\"og:site_name\" content=\"Met Viral\" \/>\n<meta property=\"article:modified_time\" content=\"2025-09-24T14:12:43+00:00\" \/>\n<meta property=\"og:image\" content=\"https:\/\/metviral.com\/wp-content\/uploads\/2025\/09\/Inserir-um-titulo-15.jpg\" \/>\n\t<meta property=\"og:image:width\" content=\"942\" \/>\n\t<meta property=\"og:image:height\" content=\"628\" \/>\n\t<meta property=\"og:image:type\" content=\"image\/jpeg\" \/>\n<meta name=\"twitter:card\" content=\"summary_large_image\" \/>\n<meta name=\"twitter:label1\" content=\"Dur\u00e9e de lecture estim\u00e9e\" \/>\n\t<meta name=\"twitter:data1\" content=\"3 minutes\" \/>\n<script type=\"application\/ld+json\" class=\"yoast-schema-graph\">{\"@context\":\"https:\/\/schema.org\",\"@graph\":[{\"@type\":\"WebPage\",\"@id\":\"https:\/\/metviral.com\/saiba-como-garantir-sua-casa-nova-pelo-minha-casa-minha-vida-antes-que-seja-tarde\/\",\"url\":\"https:\/\/metviral.com\/saiba-como-garantir-sua-casa-nova-pelo-minha-casa-minha-vida-antes-que-seja-tarde\/\",\"name\":\"Saiba Como Garantir Sua Casa Nova pelo Minha Casa Minha Vida Antes que Seja Tarde! - Met Viral\",\"isPartOf\":{\"@id\":\"https:\/\/metviral.com\/#website\"},\"primaryImageOfPage\":{\"@id\":\"https:\/\/metviral.com\/saiba-como-garantir-sua-casa-nova-pelo-minha-casa-minha-vida-antes-que-seja-tarde\/#primaryimage\"},\"image\":{\"@id\":\"https:\/\/metviral.com\/saiba-como-garantir-sua-casa-nova-pelo-minha-casa-minha-vida-antes-que-seja-tarde\/#primaryimage\"},\"thumbnailUrl\":\"https:\/\/metviral.com\/wp-content\/uploads\/2025\/09\/Inserir-um-titulo-15.jpg\",\"datePublished\":\"2025-09-02T13:29:03+00:00\",\"dateModified\":\"2025-09-24T14:12:43+00:00\",\"breadcrumb\":{\"@id\":\"https:\/\/metviral.com\/saiba-como-garantir-sua-casa-nova-pelo-minha-casa-minha-vida-antes-que-seja-tarde\/#breadcrumb\"},\"inLanguage\":\"fr-FR\",\"potentialAction\":[{\"@type\":\"ReadAction\",\"target\":[\"https:\/\/metviral.com\/saiba-como-garantir-sua-casa-nova-pelo-minha-casa-minha-vida-antes-que-seja-tarde\/\"]}]},{\"@type\":\"ImageObject\",\"inLanguage\":\"fr-FR\",\"@id\":\"https:\/\/metviral.com\/saiba-como-garantir-sua-casa-nova-pelo-minha-casa-minha-vida-antes-que-seja-tarde\/#primaryimage\",\"url\":\"https:\/\/metviral.com\/wp-content\/uploads\/2025\/09\/Inserir-um-titulo-15.jpg\",\"contentUrl\":\"https:\/\/metviral.com\/wp-content\/uploads\/2025\/09\/Inserir-um-titulo-15.jpg\"},{\"@type\":\"BreadcrumbList\",\"@id\":\"https:\/\/metviral.com\/saiba-como-garantir-sua-casa-nova-pelo-minha-casa-minha-vida-antes-que-seja-tarde\/#breadcrumb\",\"itemListElement\":[{\"@type\":\"ListItem\",\"position\":1,\"name\":\"In\u00edcio\",\"item\":\"https:\/\/metviral.com\/\"},{\"@type\":\"ListItem\",\"position\":2,\"name\":\"Saiba Como Garantir Sua Casa Nova pelo Minha Casa Minha Vida Antes que Seja Tarde!\"}]},{\"@type\":\"WebSite\",\"@id\":\"https:\/\/metviral.com\/#website\",\"url\":\"https:\/\/metviral.com\/\",\"name\":\"Met Viral\",\"description\":\"\",\"potentialAction\":[{\"@type\":\"SearchAction\",\"target\":{\"@type\":\"EntryPoint\",\"urlTemplate\":\"https:\/\/metviral.com\/?s={search_term_string}\"},\"query-input\":{\"@type\":\"PropertyValueSpecification\",\"valueRequired\":true,\"valueName\":\"search_term_string\"}}],\"inLanguage\":\"fr-FR\"}]}<\/script>\n<!-- \/ Yoast SEO Premium plugin. -->","yoast_head_json":{"title":"Saiba Como Garantir Sua Casa Nova pelo Minha Casa Minha Vida Antes que Seja Tarde! - Met Viral","robots":{"index":"index","follow":"follow","max-snippet":"max-snippet:-1","max-image-preview":"max-image-preview:large","max-video-preview":"max-video-preview:-1"},"canonical":"https:\/\/metviral.com\/fr\/saiba-como-garantir-sua-casa-nova-pelo-minha-casa-minha-vida-antes-que-seja-tarde\/","og_locale":"fr_FR","og_type":"article","og_title":"Saiba Como Garantir Sua Casa Nova pelo Minha Casa Minha Vida Antes que Seja Tarde!","og_description":"Voc\u00ea sabia que existe um caminho pouco divulgado para se cadastrar no Minha Casa Minha Vida, e que isso pode garantir sua vaga antes da maioria das pessoas? Muitas fam\u00edlias j\u00e1 est\u00e3o sendo aprovadas enquanto outras, que tamb\u00e9m t\u00eam direito, continuam aguardando apenas por falta de uma simples informa\u00e7\u00e3o. O segredo est\u00e1 em saber exatamente [&hellip;]","og_url":"https:\/\/metviral.com\/fr\/saiba-como-garantir-sua-casa-nova-pelo-minha-casa-minha-vida-antes-que-seja-tarde\/","og_site_name":"Met Viral","article_modified_time":"2025-09-24T14:12:43+00:00","og_image":[{"width":942,"height":628,"url":"https:\/\/metviral.com\/wp-content\/uploads\/2025\/09\/Inserir-um-titulo-15.jpg","type":"image\/jpeg"}],"twitter_card":"summary_large_image","twitter_misc":{"Dur\u00e9e de lecture estim\u00e9e":"3 minutes"},"schema":{"@context":"https:\/\/schema.org","@graph":[{"@type":"WebPage","@id":"https:\/\/metviral.com\/saiba-como-garantir-sua-casa-nova-pelo-minha-casa-minha-vida-antes-que-seja-tarde\/","url":"https:\/\/metviral.com\/saiba-como-garantir-sua-casa-nova-pelo-minha-casa-minha-vida-antes-que-seja-tarde\/","name":"Saiba Como Garantir Sua Casa Nova pelo Minha Casa Minha Vida Antes que Seja Tarde! - Met Viral","isPartOf":{"@id":"https:\/\/metviral.com\/#website"},"primaryImageOfPage":{"@id":"https:\/\/metviral.com\/saiba-como-garantir-sua-casa-nova-pelo-minha-casa-minha-vida-antes-que-seja-tarde\/#primaryimage"},"image":{"@id":"https:\/\/metviral.com\/saiba-como-garantir-sua-casa-nova-pelo-minha-casa-minha-vida-antes-que-seja-tarde\/#primaryimage"},"thumbnailUrl":"https:\/\/metviral.com\/wp-content\/uploads\/2025\/09\/Inserir-um-titulo-15.jpg","datePublished":"2025-09-02T13:29:03+00:00","dateModified":"2025-09-24T14:12:43+00:00","breadcrumb":{"@id":"https:\/\/metviral.com\/saiba-como-garantir-sua-casa-nova-pelo-minha-casa-minha-vida-antes-que-seja-tarde\/#breadcrumb"},"inLanguage":"fr-FR","potentialAction":[{"@type":"ReadAction","target":["https:\/\/metviral.com\/saiba-como-garantir-sua-casa-nova-pelo-minha-casa-minha-vida-antes-que-seja-tarde\/"]}]},{"@type":"ImageObject","inLanguage":"fr-FR","@id":"https:\/\/metviral.com\/saiba-como-garantir-sua-casa-nova-pelo-minha-casa-minha-vida-antes-que-seja-tarde\/#primaryimage","url":"https:\/\/metviral.com\/wp-content\/uploads\/2025\/09\/Inserir-um-titulo-15.jpg","contentUrl":"https:\/\/metviral.com\/wp-content\/uploads\/2025\/09\/Inserir-um-titulo-15.jpg"},{"@type":"BreadcrumbList","@id":"https:\/\/metviral.com\/saiba-como-garantir-sua-casa-nova-pelo-minha-casa-minha-vida-antes-que-seja-tarde\/#breadcrumb","itemListElement":[{"@type":"ListItem","position":1,"name":"In\u00edcio","item":"https:\/\/metviral.com\/"},{"@type":"ListItem","position":2,"name":"Saiba Como Garantir Sua Casa Nova pelo Minha Casa Minha Vida Antes que Seja Tarde!"}]},{"@type":"WebSite","@id":"https:\/\/metviral.com\/#website","url":"https:\/\/metviral.com\/","name":"Met Viral","description":"","potentialAction":[{"@type":"SearchAction","target":{"@type":"EntryPoint","urlTemplate":"https:\/\/metviral.com\/?s={search_term_string}"},"query-input":{"@type":"PropertyValueSpecification","valueRequired":true,"valueName":"search_term_string"}}],"inLanguage":"fr-FR"}]}},"_links":{"self":[{"href":"https:\/\/metviral.com\/fr\/wp-json\/wp\/v2\/pages\/690","targetHints":{"allow":["GET"]}}],"collection":[{"href":"https:\/\/metviral.com\/fr\/wp-json\/wp\/v2\/pages"}],"about":[{"href":"https:\/\/metviral.com\/fr\/wp-json\/wp\/v2\/types\/page"}],"author":[{"embeddable":true,"href":"https:\/\/metviral.com\/fr\/wp-json\/wp\/v2\/users\/2"}],"replies":[{"embeddable":true,"href":"https:\/\/metviral.com\/fr\/wp-json\/wp\/v2\/comments?post=690"}],"version-history":[{"count":13,"href":"https:\/\/metviral.com\/fr\/wp-json\/wp\/v2\/pages\/690\/revisions"}],"predecessor-version":[{"id":755,"href":"https:\/\/metviral.com\/fr\/wp-json\/wp\/v2\/pages\/690\/revisions\/755"}],"wp:attachment":[{"href":"https:\/\/metviral.com\/fr\/wp-json\/wp\/v2\/media?parent=690"}],"curies":[{"name":"wp","href":"https:\/\/api.w.org\/{rel}","templated":true}]}}