{"id":488,"date":"2025-05-14T15:25:26","date_gmt":"2025-05-14T18:25:26","guid":{"rendered":"https:\/\/metviral.com\/?page_id=488"},"modified":"2025-05-14T15:25:27","modified_gmt":"2025-05-14T18:25:27","slug":"quem-somos","status":"publish","type":"page","link":"https:\/\/metviral.com\/fr\/quem-somos\/","title":{"rendered":"Qui sommes-nous ?"},"content":{"rendered":"<html><body><p>Bienvenue \u00e0 <strong>MetViral.com<\/strong> - un espace con\u00e7u pour ceux qui veulent rester bien inform\u00e9s, gagner du temps et d\u00e9couvrir des astuces utiles pour la vie de tous les jours.<\/p>\n\n\n\n<p>Nous sommes passionn\u00e9s par les contenus qui transforment. Ici, \u00e0 MetViral, nous rassemblons des sujets tels que <strong>technologie<\/strong>, <strong>voyageant<\/strong>, <strong>prestations sociales<\/strong>, <strong>finances personnelles<\/strong>, <strong>conseils pratiques<\/strong> et m\u00eame <strong>recettes simples<\/strong> pour vous faciliter la vie. Notre objectif est de vous fournir des informations utiles, fiables et faciles \u00e0 comprendre, le tout en un seul endroit.<\/p>\n\n\n\n<p>Nous savons \u00e0 quel point l'internet peut \u00eatre d\u00e9routant et plein de promesses vides. C'est pourquoi nous nous engageons \u00e0 fournir un contenu clair et simple qui fait vraiment la diff\u00e9rence dans votre vie quotidienne - que vous soyez curieux de l'informatique, que vous cherchiez \u00e0 am\u00e9liorer votre vie ou que vous souhaitiez simplement explorer de nouveaux sujets.<\/p>\n\n\n\n<p>Notre \u00e9quipe est compos\u00e9e de r\u00e9dacteurs et d'\u00e9diteurs qui font des recherches s\u00e9rieuses, toujours \u00e0 l'aff\u00fbt des tendances, des mises \u00e0 jour et, surtout, de ce qui compte vraiment pour ceux qui visitent notre site.<\/p>\n\n\n\n<p>Que ce soit pour apprendre quelque chose de nouveau, d\u00e9couvrir une astuce qui vous facilitera la vie ou m\u00eame vous inspirer pour votre prochain voyage, la <strong>MetViral<\/strong> est l\u00e0 pour \u00eatre votre partenaire dans ce voyage.<\/p>\n\n\n\n<p>Nous vous remercions de votre visite. Nous esp\u00e9rons que le contenu vous plaira !<\/p>\n<\/body><\/html>","protected":false},"excerpt":{"rendered":"<p>Bem-vindo ao MetViral.com \u2013 um espa\u00e7o feito para quem quer se manter bem-informado, economizar tempo e descobrir dicas \u00fateis para o dia a dia. Somos apaixonados por conte\u00fado que transforma. Aqui no MetViral, reunimos temas como tecnologia, viagens, benef\u00edcios sociais, finan\u00e7as pessoais, dicas pr\u00e1ticas e at\u00e9 receitas simples para facilitar sua vida. Nosso objetivo \u00e9 [&hellip;]<\/p>","protected":false},"author":2,"featured_media":0,"parent":0,"menu_order":0,"comment_status":"closed","ping_status":"closed","template":"","meta":{"footnotes":""},"class_list":["post-488","page","type-page","status-publish","hentry"],"yoast_head":"<!-- This site is optimized with the Yoast SEO Premium plugin v25.9 (Yoast SEO v25.9) - https:\/\/yoast.com\/wordpress\/plugins\/seo\/ -->\n<title>Quem Somos - Met Viral<\/title>\n<meta name=\"robots\" content=\"index, follow, max-snippet:-1, max-image-preview:large, max-video-preview:-1\" \/>\n<link rel=\"canonical\" href=\"https:\/\/metviral.com\/fr\/quem-somos\/\" \/>\n<meta property=\"og:locale\" content=\"fr_FR\" \/>\n<meta property=\"og:type\" content=\"article\" \/>\n<meta property=\"og:title\" content=\"Quem Somos\" \/>\n<meta property=\"og:description\" content=\"Bem-vindo ao MetViral.com \u2013 um espa\u00e7o feito para quem quer se manter bem-informado, economizar tempo e descobrir dicas \u00fateis para o dia a dia. Somos apaixonados por conte\u00fado que transforma. Aqui no MetViral, reunimos temas como tecnologia, viagens, benef\u00edcios sociais, finan\u00e7as pessoais, dicas pr\u00e1ticas e at\u00e9 receitas simples para facilitar sua vida. Nosso objetivo \u00e9 [&hellip;]\" \/>\n<meta property=\"og:url\" content=\"https:\/\/metviral.com\/fr\/quem-somos\/\" \/>\n<meta property=\"og:site_name\" content=\"Met Viral\" \/>\n<meta property=\"article:modified_time\" content=\"2025-05-14T18:25:27+00:00\" \/>\n<meta name=\"twitter:card\" content=\"summary_large_image\" \/>\n<meta name=\"twitter:label1\" content=\"Dur\u00e9e de lecture estim\u00e9e\" \/>\n\t<meta name=\"twitter:data1\" content=\"2 minutes\" \/>\n<script type=\"application\/ld+json\" class=\"yoast-schema-graph\">{\"@context\":\"https:\/\/schema.org\",\"@graph\":[{\"@type\":\"WebPage\",\"@id\":\"https:\/\/metviral.com\/quem-somos\/\",\"url\":\"https:\/\/metviral.com\/quem-somos\/\",\"name\":\"Quem Somos - Met Viral\",\"isPartOf\":{\"@id\":\"https:\/\/metviral.com\/#website\"},\"datePublished\":\"2025-05-14T18:25:26+00:00\",\"dateModified\":\"2025-05-14T18:25:27+00:00\",\"breadcrumb\":{\"@id\":\"https:\/\/metviral.com\/quem-somos\/#breadcrumb\"},\"inLanguage\":\"fr-FR\",\"potentialAction\":[{\"@type\":\"ReadAction\",\"target\":[\"https:\/\/metviral.com\/quem-somos\/\"]}]},{\"@type\":\"BreadcrumbList\",\"@id\":\"https:\/\/metviral.com\/quem-somos\/#breadcrumb\",\"itemListElement\":[{\"@type\":\"ListItem\",\"position\":1,\"name\":\"In\u00edcio\",\"item\":\"https:\/\/metviral.com\/\"},{\"@type\":\"ListItem\",\"position\":2,\"name\":\"Quem Somos\"}]},{\"@type\":\"WebSite\",\"@id\":\"https:\/\/metviral.com\/#website\",\"url\":\"https:\/\/metviral.com\/\",\"name\":\"Met Viral\",\"description\":\"\",\"potentialAction\":[{\"@type\":\"SearchAction\",\"target\":{\"@type\":\"EntryPoint\",\"urlTemplate\":\"https:\/\/metviral.com\/?s={search_term_string}\"},\"query-input\":{\"@type\":\"PropertyValueSpecification\",\"valueRequired\":true,\"valueName\":\"search_term_string\"}}],\"inLanguage\":\"fr-FR\"}]}<\/script>\n<!-- \/ Yoast SEO Premium plugin. -->","yoast_head_json":{"title":"Quem Somos - Met Viral","robots":{"index":"index","follow":"follow","max-snippet":"max-snippet:-1","max-image-preview":"max-image-preview:large","max-video-preview":"max-video-preview:-1"},"canonical":"https:\/\/metviral.com\/fr\/quem-somos\/","og_locale":"fr_FR","og_type":"article","og_title":"Quem Somos","og_description":"Bem-vindo ao MetViral.com \u2013 um espa\u00e7o feito para quem quer se manter bem-informado, economizar tempo e descobrir dicas \u00fateis para o dia a dia. Somos apaixonados por conte\u00fado que transforma. Aqui no MetViral, reunimos temas como tecnologia, viagens, benef\u00edcios sociais, finan\u00e7as pessoais, dicas pr\u00e1ticas e at\u00e9 receitas simples para facilitar sua vida. Nosso objetivo \u00e9 [&hellip;]","og_url":"https:\/\/metviral.com\/fr\/quem-somos\/","og_site_name":"Met Viral","article_modified_time":"2025-05-14T18:25:27+00:00","twitter_card":"summary_large_image","twitter_misc":{"Dur\u00e9e de lecture estim\u00e9e":"2 minutes"},"schema":{"@context":"https:\/\/schema.org","@graph":[{"@type":"WebPage","@id":"https:\/\/metviral.com\/quem-somos\/","url":"https:\/\/metviral.com\/quem-somos\/","name":"Quem Somos - Met Viral","isPartOf":{"@id":"https:\/\/metviral.com\/#website"},"datePublished":"2025-05-14T18:25:26+00:00","dateModified":"2025-05-14T18:25:27+00:00","breadcrumb":{"@id":"https:\/\/metviral.com\/quem-somos\/#breadcrumb"},"inLanguage":"fr-FR","potentialAction":[{"@type":"ReadAction","target":["https:\/\/metviral.com\/quem-somos\/"]}]},{"@type":"BreadcrumbList","@id":"https:\/\/metviral.com\/quem-somos\/#breadcrumb","itemListElement":[{"@type":"ListItem","position":1,"name":"In\u00edcio","item":"https:\/\/metviral.com\/"},{"@type":"ListItem","position":2,"name":"Quem Somos"}]},{"@type":"WebSite","@id":"https:\/\/metviral.com\/#website","url":"https:\/\/metviral.com\/","name":"Met Viral","description":"","potentialAction":[{"@type":"SearchAction","target":{"@type":"EntryPoint","urlTemplate":"https:\/\/metviral.com\/?s={search_term_string}"},"query-input":{"@type":"PropertyValueSpecification","valueRequired":true,"valueName":"search_term_string"}}],"inLanguage":"fr-FR"}]}},"_links":{"self":[{"href":"https:\/\/metviral.com\/fr\/wp-json\/wp\/v2\/pages\/488","targetHints":{"allow":["GET"]}}],"collection":[{"href":"https:\/\/metviral.com\/fr\/wp-json\/wp\/v2\/pages"}],"about":[{"href":"https:\/\/metviral.com\/fr\/wp-json\/wp\/v2\/types\/page"}],"author":[{"embeddable":true,"href":"https:\/\/metviral.com\/fr\/wp-json\/wp\/v2\/users\/2"}],"replies":[{"embeddable":true,"href":"https:\/\/metviral.com\/fr\/wp-json\/wp\/v2\/comments?post=488"}],"version-history":[{"count":1,"href":"https:\/\/metviral.com\/fr\/wp-json\/wp\/v2\/pages\/488\/revisions"}],"predecessor-version":[{"id":489,"href":"https:\/\/metviral.com\/fr\/wp-json\/wp\/v2\/pages\/488\/revisions\/489"}],"wp:attachment":[{"href":"https:\/\/metviral.com\/fr\/wp-json\/wp\/v2\/media?parent=488"}],"curies":[{"name":"wp","href":"https:\/\/api.w.org\/{rel}","templated":true}]}}