{"id":486,"date":"2025-05-14T15:20:28","date_gmt":"2025-05-14T18:20:28","guid":{"rendered":"https:\/\/metviral.com\/?page_id=486"},"modified":"2025-05-14T15:21:26","modified_gmt":"2025-05-14T18:21:26","slug":"contato","status":"publish","type":"page","link":"https:\/\/metviral.com\/fr\/contato\/","title":{"rendered":"Contact"},"content":{"rendered":"<html><body><p>Si vous souhaitez prendre contact avec nous pour poser des questions, faire des suggestions, former un partenariat ou signaler un probl\u00e8me avec notre site web, veuillez nous envoyer un courrier \u00e9lectronique. Nous nous ferons un plaisir de vous r\u00e9pondre !<\/p>\n\n\n\n<p>Remplissez le formulaire ci-dessous :<\/p>\n\n\n\n<div class=\"wpcf7 no-js\" id=\"wpcf7-f485-o1\" lang=\"pt-BR\" dir=\"ltr\" data-wpcf7-id=\"485\">\n<div class=\"screen-reader-response\"><p role=\"status\" aria-live=\"polite\" aria-atomic=\"true\"><\/p> <ul><\/ul><\/div>\n<form action=\"\/fr\/wp-json\/wp\/v2\/pages\/486#wpcf7-f485-o1\" method=\"post\" class=\"wpcf7-form init\" aria-label=\"Formul\u00e1rios de contato\" novalidate=\"novalidate\" data-status=\"init\" data-trp-original-action=\"\/fr\/wp-json\/wp\/v2\/pages\/486#wpcf7-f485-o1\">\n<fieldset class=\"hidden-fields-container\"><input type=\"hidden\" name=\"_wpcf7\" value=\"485\" \/><input type=\"hidden\" name=\"_wpcf7_version\" value=\"6.1\" \/><input type=\"hidden\" name=\"_wpcf7_locale\" value=\"pt_BR\" \/><input type=\"hidden\" name=\"_wpcf7_unit_tag\" value=\"wpcf7-f485-o1\" \/><input type=\"hidden\" name=\"_wpcf7_container_post\" value=\"0\" \/><input type=\"hidden\" name=\"_wpcf7_posted_data_hash\" value=\"\" \/>\n<\/fieldset>\n<p><label> Votre nom<br \/>\n<span class=\"wpcf7-form-control-wrap\" data-name=\"your-name\"><input size=\"40\" maxlength=\"400\" class=\"wpcf7-form-control wpcf7-text wpcf7-validates-as-required\" autocomplete=\"name\" aria-required=\"true\" aria-invalid=\"false\" value=\"\" type=\"text\" name=\"your-name\" \/><\/span> <\/label>\n<\/p>\n<p><label> Votre adresse \u00e9lectronique<br \/>\n<span class=\"wpcf7-form-control-wrap\" data-name=\"your-email\"><input size=\"40\" maxlength=\"400\" class=\"wpcf7-form-control wpcf7-email wpcf7-validates-as-required wpcf7-text wpcf7-validates-as-email\" autocomplete=\"email\" aria-required=\"true\" aria-invalid=\"false\" value=\"\" type=\"email\" name=\"your-email\" \/><\/span> <\/label>\n<\/p>\n<p><label> Sujet<br \/>\n<span class=\"wpcf7-form-control-wrap\" data-name=\"your-subject\"><input size=\"40\" maxlength=\"400\" class=\"wpcf7-form-control wpcf7-text wpcf7-validates-as-required\" aria-required=\"true\" aria-invalid=\"false\" value=\"\" type=\"text\" name=\"your-subject\" \/><\/span> <\/label>\n<\/p>\n<p><label> Votre message (facultatif)<br \/>\n<span class=\"wpcf7-form-control-wrap\" data-name=\"your-message\"><textarea cols=\"40\" rows=\"10\" maxlength=\"2000\" class=\"wpcf7-form-control wpcf7-textarea\" aria-invalid=\"false\" name=\"your-message\"><\/textarea><\/span> <\/label>\n<\/p>\n<p><input class=\"wpcf7-form-control wpcf7-submit has-spinner\" type=\"submit\" value=\"Envoyer\" \/>\n<\/p><div class=\"wpcf7-response-output\" aria-hidden=\"true\"><\/div>\n<input type=\"hidden\" name=\"trp-form-language\" value=\"fr\"\/><\/form>\n<\/div>\n\n\n\n\n<p>Nous r\u00e9pondons le plus rapidement possible les jours ouvrables, de <strong>Du lundi au vendredi<\/strong>, \u00e0 partir de <strong>8h \u00e0 18h<\/strong>.<\/p>\n\n\n\n<p>Notre \u00e9quipe est toujours \u00e0 l'aff\u00fbt pour s'assurer que votre exp\u00e9rience chez <strong>MetViral<\/strong> \u00eatre le meilleur possible. Comptez sur nous !<\/p>\n<\/body><\/html>","protected":false},"excerpt":{"rendered":"<p>Se voc\u00ea deseja entrar em contato conosco para tirar d\u00favidas, enviar sugest\u00f5es, fazer uma parceria ou relatar algum problema em nosso site, envie uma mensagem por e-mail. Teremos prazer em responder! Preencha o formul\u00e1rio abaixo: Respondemos o mais r\u00e1pido poss\u00edvel nos dias \u00fateis, de segunda a sexta-feira, das 8h \u00e0s 18h. Nosso time est\u00e1 sempre [&hellip;]<\/p>","protected":false},"author":2,"featured_media":0,"parent":0,"menu_order":0,"comment_status":"closed","ping_status":"closed","template":"","meta":{"footnotes":""},"class_list":["post-486","page","type-page","status-publish","hentry"],"yoast_head":"<!-- This site is optimized with the Yoast SEO Premium plugin v25.9 (Yoast SEO v25.9) - https:\/\/yoast.com\/wordpress\/plugins\/seo\/ -->\n<title>Contato - Met Viral<\/title>\n<meta name=\"robots\" content=\"index, follow, max-snippet:-1, max-image-preview:large, max-video-preview:-1\" \/>\n<link rel=\"canonical\" href=\"https:\/\/metviral.com\/fr\/contato\/\" \/>\n<meta property=\"og:locale\" content=\"fr_FR\" \/>\n<meta property=\"og:type\" content=\"article\" \/>\n<meta property=\"og:title\" content=\"Contato\" \/>\n<meta property=\"og:description\" content=\"Se voc\u00ea deseja entrar em contato conosco para tirar d\u00favidas, enviar sugest\u00f5es, fazer uma parceria ou relatar algum problema em nosso site, envie uma mensagem por e-mail. Teremos prazer em responder! Preencha o formul\u00e1rio abaixo: Respondemos o mais r\u00e1pido poss\u00edvel nos dias \u00fateis, de segunda a sexta-feira, das 8h \u00e0s 18h. Nosso time est\u00e1 sempre [&hellip;]\" \/>\n<meta property=\"og:url\" content=\"https:\/\/metviral.com\/fr\/contato\/\" \/>\n<meta property=\"og:site_name\" content=\"Met Viral\" \/>\n<meta property=\"article:modified_time\" content=\"2025-05-14T18:21:26+00:00\" \/>\n<meta name=\"twitter:card\" content=\"summary_large_image\" \/>\n<meta name=\"twitter:label1\" content=\"Dur\u00e9e de lecture estim\u00e9e\" \/>\n\t<meta name=\"twitter:data1\" content=\"1 minute\" \/>\n<script type=\"application\/ld+json\" class=\"yoast-schema-graph\">{\"@context\":\"https:\/\/schema.org\",\"@graph\":[{\"@type\":\"WebPage\",\"@id\":\"https:\/\/metviral.com\/contato\/\",\"url\":\"https:\/\/metviral.com\/contato\/\",\"name\":\"Contato - Met Viral\",\"isPartOf\":{\"@id\":\"https:\/\/metviral.com\/#website\"},\"datePublished\":\"2025-05-14T18:20:28+00:00\",\"dateModified\":\"2025-05-14T18:21:26+00:00\",\"breadcrumb\":{\"@id\":\"https:\/\/metviral.com\/contato\/#breadcrumb\"},\"inLanguage\":\"fr-FR\",\"potentialAction\":[{\"@type\":\"ReadAction\",\"target\":[\"https:\/\/metviral.com\/contato\/\"]}]},{\"@type\":\"BreadcrumbList\",\"@id\":\"https:\/\/metviral.com\/contato\/#breadcrumb\",\"itemListElement\":[{\"@type\":\"ListItem\",\"position\":1,\"name\":\"In\u00edcio\",\"item\":\"https:\/\/metviral.com\/\"},{\"@type\":\"ListItem\",\"position\":2,\"name\":\"Contato\"}]},{\"@type\":\"WebSite\",\"@id\":\"https:\/\/metviral.com\/#website\",\"url\":\"https:\/\/metviral.com\/\",\"name\":\"Met Viral\",\"description\":\"\",\"potentialAction\":[{\"@type\":\"SearchAction\",\"target\":{\"@type\":\"EntryPoint\",\"urlTemplate\":\"https:\/\/metviral.com\/?s={search_term_string}\"},\"query-input\":{\"@type\":\"PropertyValueSpecification\",\"valueRequired\":true,\"valueName\":\"search_term_string\"}}],\"inLanguage\":\"fr-FR\"}]}<\/script>\n<!-- \/ Yoast SEO Premium plugin. -->","yoast_head_json":{"title":"Contact - Met Viral","robots":{"index":"index","follow":"follow","max-snippet":"max-snippet:-1","max-image-preview":"max-image-preview:large","max-video-preview":"max-video-preview:-1"},"canonical":"https:\/\/metviral.com\/fr\/contato\/","og_locale":"fr_FR","og_type":"article","og_title":"Contato","og_description":"Se voc\u00ea deseja entrar em contato conosco para tirar d\u00favidas, enviar sugest\u00f5es, fazer uma parceria ou relatar algum problema em nosso site, envie uma mensagem por e-mail. Teremos prazer em responder! Preencha o formul\u00e1rio abaixo: Respondemos o mais r\u00e1pido poss\u00edvel nos dias \u00fateis, de segunda a sexta-feira, das 8h \u00e0s 18h. Nosso time est\u00e1 sempre [&hellip;]","og_url":"https:\/\/metviral.com\/fr\/contato\/","og_site_name":"Met Viral","article_modified_time":"2025-05-14T18:21:26+00:00","twitter_card":"summary_large_image","twitter_misc":{"Dur\u00e9e de lecture estim\u00e9e":"1 minute"},"schema":{"@context":"https:\/\/schema.org","@graph":[{"@type":"WebPage","@id":"https:\/\/metviral.com\/contato\/","url":"https:\/\/metviral.com\/contato\/","name":"Contact - Met Viral","isPartOf":{"@id":"https:\/\/metviral.com\/#website"},"datePublished":"2025-05-14T18:20:28+00:00","dateModified":"2025-05-14T18:21:26+00:00","breadcrumb":{"@id":"https:\/\/metviral.com\/contato\/#breadcrumb"},"inLanguage":"fr-FR","potentialAction":[{"@type":"ReadAction","target":["https:\/\/metviral.com\/contato\/"]}]},{"@type":"BreadcrumbList","@id":"https:\/\/metviral.com\/contato\/#breadcrumb","itemListElement":[{"@type":"ListItem","position":1,"name":"In\u00edcio","item":"https:\/\/metviral.com\/"},{"@type":"ListItem","position":2,"name":"Contato"}]},{"@type":"WebSite","@id":"https:\/\/metviral.com\/#website","url":"https:\/\/metviral.com\/","name":"Met Viral","description":"","potentialAction":[{"@type":"SearchAction","target":{"@type":"EntryPoint","urlTemplate":"https:\/\/metviral.com\/?s={search_term_string}"},"query-input":{"@type":"PropertyValueSpecification","valueRequired":true,"valueName":"search_term_string"}}],"inLanguage":"fr-FR"}]}},"_links":{"self":[{"href":"https:\/\/metviral.com\/fr\/wp-json\/wp\/v2\/pages\/486","targetHints":{"allow":["GET"]}}],"collection":[{"href":"https:\/\/metviral.com\/fr\/wp-json\/wp\/v2\/pages"}],"about":[{"href":"https:\/\/metviral.com\/fr\/wp-json\/wp\/v2\/types\/page"}],"author":[{"embeddable":true,"href":"https:\/\/metviral.com\/fr\/wp-json\/wp\/v2\/users\/2"}],"replies":[{"embeddable":true,"href":"https:\/\/metviral.com\/fr\/wp-json\/wp\/v2\/comments?post=486"}],"version-history":[{"count":1,"href":"https:\/\/metviral.com\/fr\/wp-json\/wp\/v2\/pages\/486\/revisions"}],"predecessor-version":[{"id":487,"href":"https:\/\/metviral.com\/fr\/wp-json\/wp\/v2\/pages\/486\/revisions\/487"}],"wp:attachment":[{"href":"https:\/\/metviral.com\/fr\/wp-json\/wp\/v2\/media?parent=486"}],"curies":[{"name":"wp","href":"https:\/\/api.w.org\/{rel}","templated":true}]}}