{"id":483,"date":"2025-05-14T15:17:45","date_gmt":"2025-05-14T18:17:45","guid":{"rendered":"https:\/\/metviral.com\/?page_id=483"},"modified":"2025-05-14T15:25:04","modified_gmt":"2025-05-14T18:25:04","slug":"termos-de-uso","status":"publish","type":"page","link":"https:\/\/metviral.com\/fr\/termos-de-uso\/","title":{"rendered":"Conditions d'utilisation"},"content":{"rendered":"<html><body><p>Bienvenue \u00e0 <strong>MetViral.com<\/strong>!<\/p>\n\n\n\n<p>En acc\u00e9dant \u00e0 ce site web, vous acceptez de vous conformer \u00e0 ces r\u00e8gles. <strong>Conditions d'utilisation<\/strong>Vous acceptez de vous conformer \u00e0 toutes les lois et r\u00e9glementations applicables et vous acceptez d'\u00eatre responsable du respect de toutes les lois locales applicables. Si vous n'acceptez pas l'une de ces conditions, il vous est interdit d'utiliser ce site ou d'y acc\u00e9der. Le contenu de ce site est prot\u00e9g\u00e9 par les lois applicables en mati\u00e8re de droits d'auteur et de marques d\u00e9pos\u00e9es.<\/p>\n\n\n\n<h2 class=\"wp-block-heading\">Utilisation de la licence<\/h2>\n\n\n\n<p>L'autorisation est accord\u00e9e de t\u00e9l\u00e9charger temporairement une copie du mat\u00e9riel (information ou logiciel) sur le site <strong>MetViral<\/strong> \u00e0 des fins de visualisation transitoire personnelle et non commerciale uniquement. Il s'agit d'une licence et non d'un transfert de titre, et en vertu de cette licence, vous ne pouvez pas :<\/p>\n\n\n\n<ul class=\"wp-block-list\">\n<li>Modifier ou copier le mat\u00e9riel ;<\/li>\n\n\n\n<li>Utiliser le mat\u00e9riel \u00e0 des fins commerciales ou pour l'affichage public (commercial ou non commercial) ;<\/li>\n\n\n\n<li>Tenter de d\u00e9compiler ou d'inverser l'ing\u00e9nierie de tout logiciel contenu sur le site ;<\/li>\n\n\n\n<li>Supprimer toute mention de droit d'auteur ou autre mention de propri\u00e9t\u00e9 du mat\u00e9riel ;<\/li>\n\n\n\n<li>Transf\u00e9rer le mat\u00e9riel \u00e0 une autre personne ou le mettre en miroir sur un autre serveur.<\/li>\n<\/ul>\n\n\n\n<p>Cette licence sera automatiquement r\u00e9sili\u00e9e si vous ne respectez pas l'une de ces restrictions et peut \u00eatre r\u00e9sili\u00e9e par <strong>MetViral<\/strong> \u00e0 tout moment. Lorsque vous cessez de consulter ces documents ou lorsque la pr\u00e9sente licence prend fin, vous devez supprimer tous les documents t\u00e9l\u00e9charg\u00e9s en votre possession, qu'ils soient sous forme \u00e9lectronique ou imprim\u00e9e.<\/p>\n\n\n\n<h2 class=\"wp-block-heading\">Clause de non-responsabilit\u00e9<\/h2>\n\n\n\n<p>Les documents sur le <strong>MetViral<\/strong> sont fournis \"en l'\u00e9tat\". <strong>MetViral<\/strong> ne donne aucune garantie, expresse ou implicite, et rejette par la pr\u00e9sente toutes les autres garanties, y compris, sans limitation, les garanties ou conditions implicites de qualit\u00e9 marchande, d'ad\u00e9quation \u00e0 un usage particulier ou de non-violation de la propri\u00e9t\u00e9 intellectuelle ou d'autres violations des droits.<\/p>\n\n\n\n<p>De plus, la <strong>MetViral<\/strong> ne garantit pas et ne fait aucune d\u00e9claration concernant l'exactitude, les r\u00e9sultats probables ou la fiabilit\u00e9 de l'utilisation du mat\u00e9riel sur son site web ou concernant ce mat\u00e9riel ou tout autre site li\u00e9 \u00e0 ce site.<\/p>\n\n\n\n<h2 class=\"wp-block-heading\">Limites<\/h2>\n\n\n\n<p>En aucun cas <strong>MetViral<\/strong> ou ses fournisseurs seront responsables de tout dommage (y compris, sans s'y limiter, les dommages pour perte de donn\u00e9es ou de b\u00e9n\u00e9fices, ou pour interruption d'activit\u00e9) r\u00e9sultant de l'utilisation ou de l'impossibilit\u00e9 d'utiliser le mat\u00e9riel sur le site Web de l <strong>MetViral.com<\/strong>m\u00eame si <strong>MetViral<\/strong> ou qu'un repr\u00e9sentant autoris\u00e9 de la soci\u00e9t\u00e9 ait \u00e9t\u00e9 inform\u00e9 oralement ou par \u00e9crit de la possibilit\u00e9 de tels dommages.<\/p>\n\n\n\n<h2 class=\"wp-block-heading\">Pr\u00e9cision des mat\u00e9riaux<\/h2>\n\n\n\n<p>Le mat\u00e9riel affich\u00e9 sur le site <strong>MetViral<\/strong> peut comporter des erreurs techniques, typographiques ou photographiques. <strong>MetViral<\/strong> ne garantit pas l'exactitude, l'exhaustivit\u00e9 ou l'actualit\u00e9 du contenu de son site web. Le contenu peut \u00eatre modifi\u00e9 \u00e0 tout moment sans pr\u00e9avis. Toutefois, le contenu du site est susceptible d'\u00eatre modifi\u00e9 \u00e0 tout moment sans pr\u00e9avis, <strong>MetViral<\/strong> ne s'engage pas \u00e0 mettre \u00e0 jour le mat\u00e9riel de mani\u00e8re r\u00e9guli\u00e8re.<\/p>\n\n\n\n<h2 class=\"wp-block-heading\">Liens<\/h2>\n\n\n\n<p><strong>MetViral<\/strong> n'a pas analys\u00e9 tous les sites li\u00e9s \u00e0 son site et n'est pas responsable du contenu de ces sites. L'inclusion d'un lien n'implique pas l'approbation de la part de <strong>MetViral<\/strong>. L'utilisation de tout site li\u00e9 se fait aux risques et p\u00e9rils de l'utilisateur.<\/p>\n\n\n\n<h2 class=\"wp-block-heading\">Modifications<\/h2>\n\n\n\n<p><strong>MetViral<\/strong> peut r\u00e9viser les pr\u00e9sentes conditions d'utilisation \u00e0 tout moment et sans pr\u00e9avis. En utilisant ce site, vous acceptez d'\u00eatre li\u00e9 par la version actuelle de ces conditions.<\/p>\n\n\n\n<h2 class=\"wp-block-heading\">Droit applicable<\/h2>\n\n\n\n<p>Les pr\u00e9sentes conditions g\u00e9n\u00e9rales sont r\u00e9gies et interpr\u00e9t\u00e9es conform\u00e9ment aux lois du Br\u00e9sil et vous vous soumettez irr\u00e9vocablement \u00e0 la comp\u00e9tence exclusive des tribunaux de ce pays.<\/p>\n\n\n\n<p><strong>Date d'entr\u00e9e en vigueur : 14 mai 2025<\/strong><\/p>\n<\/body><\/html>","protected":false},"excerpt":{"rendered":"<p>Bem-vindo ao MetViral.com! Ao acessar este site, voc\u00ea concorda em cumprir estes Termos de Uso, todas as leis e regulamentos aplic\u00e1veis e concorda que \u00e9 respons\u00e1vel pelo cumprimento de todas as leis locais aplic\u00e1veis. Se voc\u00ea n\u00e3o concordar com algum desses termos, est\u00e1 proibido de usar ou acessar este site. Os materiais contidos neste site [&hellip;]<\/p>","protected":false},"author":2,"featured_media":0,"parent":0,"menu_order":0,"comment_status":"closed","ping_status":"closed","template":"","meta":{"footnotes":""},"class_list":["post-483","page","type-page","status-publish","hentry"],"yoast_head":"<!-- This site is optimized with the Yoast SEO Premium plugin v25.9 (Yoast SEO v25.9) - https:\/\/yoast.com\/wordpress\/plugins\/seo\/ -->\n<title>Termos de Uso - Met Viral<\/title>\n<meta name=\"robots\" content=\"index, follow, max-snippet:-1, max-image-preview:large, max-video-preview:-1\" \/>\n<link rel=\"canonical\" href=\"https:\/\/metviral.com\/fr\/termos-de-uso\/\" \/>\n<meta property=\"og:locale\" content=\"fr_FR\" \/>\n<meta property=\"og:type\" content=\"article\" \/>\n<meta property=\"og:title\" content=\"Termos de Uso\" \/>\n<meta property=\"og:description\" content=\"Bem-vindo ao MetViral.com! Ao acessar este site, voc\u00ea concorda em cumprir estes Termos de Uso, todas as leis e regulamentos aplic\u00e1veis e concorda que \u00e9 respons\u00e1vel pelo cumprimento de todas as leis locais aplic\u00e1veis. Se voc\u00ea n\u00e3o concordar com algum desses termos, est\u00e1 proibido de usar ou acessar este site. Os materiais contidos neste site [&hellip;]\" \/>\n<meta property=\"og:url\" content=\"https:\/\/metviral.com\/fr\/termos-de-uso\/\" \/>\n<meta property=\"og:site_name\" content=\"Met Viral\" \/>\n<meta property=\"article:modified_time\" content=\"2025-05-14T18:25:04+00:00\" \/>\n<meta name=\"twitter:card\" content=\"summary_large_image\" \/>\n<meta name=\"twitter:label1\" content=\"Dur\u00e9e de lecture estim\u00e9e\" \/>\n\t<meta name=\"twitter:data1\" content=\"3 minutes\" \/>\n<script type=\"application\/ld+json\" class=\"yoast-schema-graph\">{\"@context\":\"https:\/\/schema.org\",\"@graph\":[{\"@type\":\"WebPage\",\"@id\":\"https:\/\/metviral.com\/termos-de-uso\/\",\"url\":\"https:\/\/metviral.com\/termos-de-uso\/\",\"name\":\"Termos de Uso - Met Viral\",\"isPartOf\":{\"@id\":\"https:\/\/metviral.com\/#website\"},\"datePublished\":\"2025-05-14T18:17:45+00:00\",\"dateModified\":\"2025-05-14T18:25:04+00:00\",\"breadcrumb\":{\"@id\":\"https:\/\/metviral.com\/termos-de-uso\/#breadcrumb\"},\"inLanguage\":\"fr-FR\",\"potentialAction\":[{\"@type\":\"ReadAction\",\"target\":[\"https:\/\/metviral.com\/termos-de-uso\/\"]}]},{\"@type\":\"BreadcrumbList\",\"@id\":\"https:\/\/metviral.com\/termos-de-uso\/#breadcrumb\",\"itemListElement\":[{\"@type\":\"ListItem\",\"position\":1,\"name\":\"In\u00edcio\",\"item\":\"https:\/\/metviral.com\/\"},{\"@type\":\"ListItem\",\"position\":2,\"name\":\"Termos de Uso\"}]},{\"@type\":\"WebSite\",\"@id\":\"https:\/\/metviral.com\/#website\",\"url\":\"https:\/\/metviral.com\/\",\"name\":\"Met Viral\",\"description\":\"\",\"potentialAction\":[{\"@type\":\"SearchAction\",\"target\":{\"@type\":\"EntryPoint\",\"urlTemplate\":\"https:\/\/metviral.com\/?s={search_term_string}\"},\"query-input\":{\"@type\":\"PropertyValueSpecification\",\"valueRequired\":true,\"valueName\":\"search_term_string\"}}],\"inLanguage\":\"fr-FR\"}]}<\/script>\n<!-- \/ Yoast SEO Premium plugin. -->","yoast_head_json":{"title":"Termos de Uso - Met Viral","robots":{"index":"index","follow":"follow","max-snippet":"max-snippet:-1","max-image-preview":"max-image-preview:large","max-video-preview":"max-video-preview:-1"},"canonical":"https:\/\/metviral.com\/fr\/termos-de-uso\/","og_locale":"fr_FR","og_type":"article","og_title":"Termos de Uso","og_description":"Bem-vindo ao MetViral.com! Ao acessar este site, voc\u00ea concorda em cumprir estes Termos de Uso, todas as leis e regulamentos aplic\u00e1veis e concorda que \u00e9 respons\u00e1vel pelo cumprimento de todas as leis locais aplic\u00e1veis. Se voc\u00ea n\u00e3o concordar com algum desses termos, est\u00e1 proibido de usar ou acessar este site. Os materiais contidos neste site [&hellip;]","og_url":"https:\/\/metviral.com\/fr\/termos-de-uso\/","og_site_name":"Met Viral","article_modified_time":"2025-05-14T18:25:04+00:00","twitter_card":"summary_large_image","twitter_misc":{"Dur\u00e9e de lecture estim\u00e9e":"3 minutes"},"schema":{"@context":"https:\/\/schema.org","@graph":[{"@type":"WebPage","@id":"https:\/\/metviral.com\/termos-de-uso\/","url":"https:\/\/metviral.com\/termos-de-uso\/","name":"Termos de Uso - Met Viral","isPartOf":{"@id":"https:\/\/metviral.com\/#website"},"datePublished":"2025-05-14T18:17:45+00:00","dateModified":"2025-05-14T18:25:04+00:00","breadcrumb":{"@id":"https:\/\/metviral.com\/termos-de-uso\/#breadcrumb"},"inLanguage":"fr-FR","potentialAction":[{"@type":"ReadAction","target":["https:\/\/metviral.com\/termos-de-uso\/"]}]},{"@type":"BreadcrumbList","@id":"https:\/\/metviral.com\/termos-de-uso\/#breadcrumb","itemListElement":[{"@type":"ListItem","position":1,"name":"In\u00edcio","item":"https:\/\/metviral.com\/"},{"@type":"ListItem","position":2,"name":"Termos de Uso"}]},{"@type":"WebSite","@id":"https:\/\/metviral.com\/#website","url":"https:\/\/metviral.com\/","name":"Met Viral","description":"","potentialAction":[{"@type":"SearchAction","target":{"@type":"EntryPoint","urlTemplate":"https:\/\/metviral.com\/?s={search_term_string}"},"query-input":{"@type":"PropertyValueSpecification","valueRequired":true,"valueName":"search_term_string"}}],"inLanguage":"fr-FR"}]}},"_links":{"self":[{"href":"https:\/\/metviral.com\/fr\/wp-json\/wp\/v2\/pages\/483","targetHints":{"allow":["GET"]}}],"collection":[{"href":"https:\/\/metviral.com\/fr\/wp-json\/wp\/v2\/pages"}],"about":[{"href":"https:\/\/metviral.com\/fr\/wp-json\/wp\/v2\/types\/page"}],"author":[{"embeddable":true,"href":"https:\/\/metviral.com\/fr\/wp-json\/wp\/v2\/users\/2"}],"replies":[{"embeddable":true,"href":"https:\/\/metviral.com\/fr\/wp-json\/wp\/v2\/comments?post=483"}],"version-history":[{"count":1,"href":"https:\/\/metviral.com\/fr\/wp-json\/wp\/v2\/pages\/483\/revisions"}],"predecessor-version":[{"id":484,"href":"https:\/\/metviral.com\/fr\/wp-json\/wp\/v2\/pages\/483\/revisions\/484"}],"wp:attachment":[{"href":"https:\/\/metviral.com\/fr\/wp-json\/wp\/v2\/media?parent=483"}],"curies":[{"name":"wp","href":"https:\/\/api.w.org\/{rel}","templated":true}]}}