{"id":481,"date":"2025-05-14T15:16:22","date_gmt":"2025-05-14T18:16:22","guid":{"rendered":"https:\/\/metviral.com\/?page_id=481"},"modified":"2025-05-14T15:16:22","modified_gmt":"2025-05-14T18:16:22","slug":"politica-de-cookies","status":"publish","type":"page","link":"https:\/\/metviral.com\/fr\/politica-de-cookies\/","title":{"rendered":"Politique en mati\u00e8re de cookies"},"content":{"rendered":"<html><body><p>Il s'agit de la politique en mati\u00e8re de cookies de <strong>MetViral<\/strong>accessible \u00e0 l'adresse suivante <strong>MetViral.com<\/strong>.<\/p>\n\n\n\n<h2 class=\"wp-block-heading\">Qu'est-ce qu'un biscuit ?<\/h2>\n\n\n\n<p>Comme presque tous les sites web professionnels, ce site utilise des cookies, qui sont de petits fichiers t\u00e9l\u00e9charg\u00e9s sur votre ordinateur, afin d'am\u00e9liorer votre exp\u00e9rience. Cette page d\u00e9crit les informations qu'ils collectent, comment nous les utilisons et pourquoi nous avons parfois besoin de stocker ces cookies. Nous vous indiquons \u00e9galement comment vous pouvez emp\u00eacher le stockage de ces cookies, mais cela peut r\u00e9duire ou interrompre certains \u00e9l\u00e9ments de la fonctionnalit\u00e9 du site.<\/p>\n\n\n\n<h2 class=\"wp-block-heading\">Comment utilisons-nous les cookies ?<\/h2>\n\n\n\n<p>Nous utilisons des cookies pour diverses raisons, d\u00e9taill\u00e9es ci-dessous. Malheureusement, dans la plupart des cas, il n'existe pas d'options standard pour d\u00e9sactiver les cookies sans d\u00e9sactiver compl\u00e8tement les fonctionnalit\u00e9s et les caract\u00e9ristiques qu'ils ajoutent \u00e0 ce site web. Il est recommand\u00e9 de laisser tous les cookies si vous n'\u00eates pas s\u00fbr d'en avoir besoin ou s'ils sont utilis\u00e9s pour fournir un service que vous utilisez.<\/p>\n\n\n\n<h2 class=\"wp-block-heading\">D\u00e9sactiver les cookies<\/h2>\n\n\n\n<p>Vous pouvez emp\u00eacher l'installation de cookies en ajustant les param\u00e8tres de votre navigateur (voir l'aide de votre navigateur pour savoir comment proc\u00e9der). Sachez que la d\u00e9sactivation des cookies affectera la fonctionnalit\u00e9 de ce site et de nombreux autres sites que vous visitez. La d\u00e9sactivation des cookies entra\u00eene g\u00e9n\u00e9ralement aussi la d\u00e9sactivation de certaines fonctionnalit\u00e9s et caract\u00e9ristiques du site web. Il est donc recommand\u00e9 de ne pas d\u00e9sactiver les cookies.<\/p>\n\n\n\n<h2 class=\"wp-block-heading\">Cookies que nous utilisons<\/h2>\n\n\n\n<ul class=\"wp-block-list\">\n<li><strong>Cookies li\u00e9s au compte<\/strong>Si vous cr\u00e9ez un compte chez nous, nous utiliserons des cookies pour g\u00e9rer le processus d'inscription et l'administration g\u00e9n\u00e9rale. Ces cookies sont g\u00e9n\u00e9ralement supprim\u00e9s lorsque vous vous d\u00e9connectez, mais dans certains cas, ils peuvent rester en place pour se souvenir de vos pr\u00e9f\u00e9rences lorsque vous quittez le site.<\/li>\n\n\n\n<li><strong>Cookies li\u00e9s \u00e0 la connexion<\/strong>Nous utilisons des cookies lorsque vous \u00eates connect\u00e9 afin de nous souvenir de cette action. Cela vous \u00e9vite de devoir vous connecter \u00e0 chaque fois que vous visitez une nouvelle page. Ces cookies sont g\u00e9n\u00e9ralement supprim\u00e9s ou effac\u00e9s lorsque vous vous d\u00e9connectez afin de garantir que vous ne puissiez acc\u00e9der \u00e0 des fonctions et zones restreintes que lorsque vous vous connectez.<\/li>\n\n\n\n<li><strong>Cookies li\u00e9s aux bulletins d'information \u00e9lectroniques<\/strong>Ce site propose des services d'abonnement \u00e0 des lettres d'information ou \u00e0 des courriers \u00e9lectroniques et des cookies peuvent \u00eatre utilis\u00e9s pour savoir si vous \u00eates d\u00e9j\u00e0 inscrit et pour afficher certaines notifications valables uniquement pour les utilisateurs inscrits ou non inscrits.<\/li>\n\n\n\n<li><strong>Cookies li\u00e9s aux formulaires<\/strong>Lorsque vous soumettez des donn\u00e9es par l'interm\u00e9diaire d'un formulaire, comme ceux que l'on trouve sur les pages de contact ou les formulaires de commentaires, des cookies peuvent \u00eatre install\u00e9s pour m\u00e9moriser les d\u00e9tails de l'utilisateur en vue d'une correspondance ult\u00e9rieure.<\/li>\n\n\n\n<li><strong>Cookies de pr\u00e9f\u00e9rence de site<\/strong>Afin de vous offrir une exp\u00e9rience agr\u00e9able sur ce site, nous vous offrons la possibilit\u00e9 de d\u00e9finir vos pr\u00e9f\u00e9rences quant au fonctionnement de ce site lorsque vous l'utilisez. Pour m\u00e9moriser vos pr\u00e9f\u00e9rences, nous devons installer des cookies afin que ces informations puissent \u00eatre rappel\u00e9es chaque fois que vous interagissez avec une page affect\u00e9e par vos pr\u00e9f\u00e9rences.<\/li>\n<\/ul>\n\n\n\n<h2 class=\"wp-block-heading\">Cookies de tiers<\/h2>\n\n\n\n<p>Dans certains cas particuliers, nous utilisons \u00e9galement des cookies fournis par des tiers de confiance. La section suivante d\u00e9taille les cookies de tiers que vous pouvez trouver sur ce site web.<\/p>\n\n\n\n<ul class=\"wp-block-list\">\n<li>Ce site utilise <strong>Google AdSense<\/strong>Google AdSense est l'une des solutions publicitaires les plus utilis\u00e9es sur le web. Pour diffuser des annonces, Google AdSense utilise la technologie <strong>Cookie DoubleClick<\/strong>qui suit les int\u00e9r\u00eats de l'utilisateur de mani\u00e8re anonyme et affiche des publicit\u00e9s pertinentes en fonction de sa navigation.<\/li>\n<\/ul>\n\n\n\n<p>Pour plus d'informations sur Google AdSense, consultez la page officielle sur la confidentialit\u00e9 :<br><a>https:\/\/support.google.com\/adsense\/answer\/3394713<\/a><\/p>\n\n\n\n<ul class=\"wp-block-list\">\n<li>Nous utilisons \u00e9galement <strong>Google Analytics<\/strong>Nous utilisons nos cookies, l'une des solutions d'analyse les plus populaires et les plus fiables du web, pour nous aider \u00e0 comprendre comment vous utilisez le site et comment nous pouvons am\u00e9liorer votre exp\u00e9rience. Ces cookies peuvent suivre des \u00e9l\u00e9ments tels que le temps que vous passez sur le site et les pages que vous visitez, afin que nous puissions continuer \u00e0 produire un contenu attrayant.<\/li>\n<\/ul>\n\n\n\n<p>Pour plus d'informations sur les cookies de Google Analytics, consultez la page officielle de Google Analytics.<\/p>\n\n\n\n<ul class=\"wp-block-list\">\n<li>Les partenaires affili\u00e9s peuvent utiliser des cookies de suivi pour d\u00e9terminer si un visiteur a acc\u00e9d\u00e9 \u00e0 notre site via un lien affili\u00e9, dans le but de commissionner des ventes ou des clics.<\/li>\n<\/ul>\n\n\n\n<h2 class=\"wp-block-heading\">Plus d'informations<\/h2>\n\n\n\n<p>Nous esp\u00e9rons avoir clarifi\u00e9 les choses pour vous et, comme indiqu\u00e9 pr\u00e9c\u00e9demment, si vous n'\u00eates pas s\u00fbr d'avoir besoin de quelque chose, il est g\u00e9n\u00e9ralement plus s\u00fbr de laisser les cookies activ\u00e9s si vous interagissez avec l'une des fonctions que vous utilisez sur notre site web.<\/p>\n\n\n\n<p>Si vous souhaitez obtenir plus d'informations, n'h\u00e9sitez pas \u00e0 nous contacter par e-mail :<br>\ud83d\udce7 <strong><a>contato@metviral.com<\/a><\/strong><\/p>\n\n\n\n<p><strong>Date d'entr\u00e9e en vigueur : 14 mai 2025<\/strong><\/p>\n<\/body><\/html>","protected":false},"excerpt":{"rendered":"<p>Esta \u00e9 a Pol\u00edtica de Cookies do MetViral, acess\u00edvel em MetViral.com. O que s\u00e3o cookies? Como \u00e9 pr\u00e1tica comum em quase todos os sites profissionais, este site usa cookies, que s\u00e3o pequenos arquivos baixados no seu computador, para melhorar sua experi\u00eancia. Esta p\u00e1gina descreve quais informa\u00e7\u00f5es eles coletam, como as usamos e por que \u00e0s [&hellip;]<\/p>","protected":false},"author":2,"featured_media":0,"parent":0,"menu_order":0,"comment_status":"closed","ping_status":"closed","template":"","meta":{"footnotes":""},"class_list":["post-481","page","type-page","status-publish","hentry"],"yoast_head":"<!-- This site is optimized with the Yoast SEO Premium plugin v25.9 (Yoast SEO v25.9) - https:\/\/yoast.com\/wordpress\/plugins\/seo\/ -->\n<title>Pol\u00edtica de Cookies - Met Viral<\/title>\n<meta name=\"robots\" content=\"index, follow, max-snippet:-1, max-image-preview:large, max-video-preview:-1\" \/>\n<link rel=\"canonical\" href=\"https:\/\/metviral.com\/fr\/politica-de-cookies\/\" \/>\n<meta property=\"og:locale\" content=\"fr_FR\" \/>\n<meta property=\"og:type\" content=\"article\" \/>\n<meta property=\"og:title\" content=\"Pol\u00edtica de Cookies\" \/>\n<meta property=\"og:description\" content=\"Esta \u00e9 a Pol\u00edtica de Cookies do MetViral, acess\u00edvel em MetViral.com. O que s\u00e3o cookies? Como \u00e9 pr\u00e1tica comum em quase todos os sites profissionais, este site usa cookies, que s\u00e3o pequenos arquivos baixados no seu computador, para melhorar sua experi\u00eancia. Esta p\u00e1gina descreve quais informa\u00e7\u00f5es eles coletam, como as usamos e por que \u00e0s [&hellip;]\" \/>\n<meta property=\"og:url\" content=\"https:\/\/metviral.com\/fr\/politica-de-cookies\/\" \/>\n<meta property=\"og:site_name\" content=\"Met Viral\" \/>\n<meta name=\"twitter:card\" content=\"summary_large_image\" \/>\n<meta name=\"twitter:label1\" content=\"Dur\u00e9e de lecture estim\u00e9e\" \/>\n\t<meta name=\"twitter:data1\" content=\"4 minutes\" \/>\n<script type=\"application\/ld+json\" class=\"yoast-schema-graph\">{\"@context\":\"https:\/\/schema.org\",\"@graph\":[{\"@type\":\"WebPage\",\"@id\":\"https:\/\/metviral.com\/politica-de-cookies\/\",\"url\":\"https:\/\/metviral.com\/politica-de-cookies\/\",\"name\":\"Pol\u00edtica de Cookies - Met Viral\",\"isPartOf\":{\"@id\":\"https:\/\/metviral.com\/#website\"},\"datePublished\":\"2025-05-14T18:16:22+00:00\",\"breadcrumb\":{\"@id\":\"https:\/\/metviral.com\/politica-de-cookies\/#breadcrumb\"},\"inLanguage\":\"fr-FR\",\"potentialAction\":[{\"@type\":\"ReadAction\",\"target\":[\"https:\/\/metviral.com\/politica-de-cookies\/\"]}]},{\"@type\":\"BreadcrumbList\",\"@id\":\"https:\/\/metviral.com\/politica-de-cookies\/#breadcrumb\",\"itemListElement\":[{\"@type\":\"ListItem\",\"position\":1,\"name\":\"In\u00edcio\",\"item\":\"https:\/\/metviral.com\/\"},{\"@type\":\"ListItem\",\"position\":2,\"name\":\"Pol\u00edtica de Cookies\"}]},{\"@type\":\"WebSite\",\"@id\":\"https:\/\/metviral.com\/#website\",\"url\":\"https:\/\/metviral.com\/\",\"name\":\"Met Viral\",\"description\":\"\",\"potentialAction\":[{\"@type\":\"SearchAction\",\"target\":{\"@type\":\"EntryPoint\",\"urlTemplate\":\"https:\/\/metviral.com\/?s={search_term_string}\"},\"query-input\":{\"@type\":\"PropertyValueSpecification\",\"valueRequired\":true,\"valueName\":\"search_term_string\"}}],\"inLanguage\":\"fr-FR\"}]}<\/script>\n<!-- \/ Yoast SEO Premium plugin. -->","yoast_head_json":{"title":"Pol\u00edtica de Cookies - Met Viral","robots":{"index":"index","follow":"follow","max-snippet":"max-snippet:-1","max-image-preview":"max-image-preview:large","max-video-preview":"max-video-preview:-1"},"canonical":"https:\/\/metviral.com\/fr\/politica-de-cookies\/","og_locale":"fr_FR","og_type":"article","og_title":"Pol\u00edtica de Cookies","og_description":"Esta \u00e9 a Pol\u00edtica de Cookies do MetViral, acess\u00edvel em MetViral.com. O que s\u00e3o cookies? Como \u00e9 pr\u00e1tica comum em quase todos os sites profissionais, este site usa cookies, que s\u00e3o pequenos arquivos baixados no seu computador, para melhorar sua experi\u00eancia. Esta p\u00e1gina descreve quais informa\u00e7\u00f5es eles coletam, como as usamos e por que \u00e0s [&hellip;]","og_url":"https:\/\/metviral.com\/fr\/politica-de-cookies\/","og_site_name":"Met Viral","twitter_card":"summary_large_image","twitter_misc":{"Dur\u00e9e de lecture estim\u00e9e":"4 minutes"},"schema":{"@context":"https:\/\/schema.org","@graph":[{"@type":"WebPage","@id":"https:\/\/metviral.com\/politica-de-cookies\/","url":"https:\/\/metviral.com\/politica-de-cookies\/","name":"Pol\u00edtica de Cookies - Met Viral","isPartOf":{"@id":"https:\/\/metviral.com\/#website"},"datePublished":"2025-05-14T18:16:22+00:00","breadcrumb":{"@id":"https:\/\/metviral.com\/politica-de-cookies\/#breadcrumb"},"inLanguage":"fr-FR","potentialAction":[{"@type":"ReadAction","target":["https:\/\/metviral.com\/politica-de-cookies\/"]}]},{"@type":"BreadcrumbList","@id":"https:\/\/metviral.com\/politica-de-cookies\/#breadcrumb","itemListElement":[{"@type":"ListItem","position":1,"name":"In\u00edcio","item":"https:\/\/metviral.com\/"},{"@type":"ListItem","position":2,"name":"Pol\u00edtica de Cookies"}]},{"@type":"WebSite","@id":"https:\/\/metviral.com\/#website","url":"https:\/\/metviral.com\/","name":"Met Viral","description":"","potentialAction":[{"@type":"SearchAction","target":{"@type":"EntryPoint","urlTemplate":"https:\/\/metviral.com\/?s={search_term_string}"},"query-input":{"@type":"PropertyValueSpecification","valueRequired":true,"valueName":"search_term_string"}}],"inLanguage":"fr-FR"}]}},"_links":{"self":[{"href":"https:\/\/metviral.com\/fr\/wp-json\/wp\/v2\/pages\/481","targetHints":{"allow":["GET"]}}],"collection":[{"href":"https:\/\/metviral.com\/fr\/wp-json\/wp\/v2\/pages"}],"about":[{"href":"https:\/\/metviral.com\/fr\/wp-json\/wp\/v2\/types\/page"}],"author":[{"embeddable":true,"href":"https:\/\/metviral.com\/fr\/wp-json\/wp\/v2\/users\/2"}],"replies":[{"embeddable":true,"href":"https:\/\/metviral.com\/fr\/wp-json\/wp\/v2\/comments?post=481"}],"version-history":[{"count":1,"href":"https:\/\/metviral.com\/fr\/wp-json\/wp\/v2\/pages\/481\/revisions"}],"predecessor-version":[{"id":482,"href":"https:\/\/metviral.com\/fr\/wp-json\/wp\/v2\/pages\/481\/revisions\/482"}],"wp:attachment":[{"href":"https:\/\/metviral.com\/fr\/wp-json\/wp\/v2\/media?parent=481"}],"curies":[{"name":"wp","href":"https:\/\/api.w.org\/{rel}","templated":true}]}}