{"id":479,"date":"2025-05-14T15:12:39","date_gmt":"2025-05-14T18:12:39","guid":{"rendered":"https:\/\/metviral.com\/?page_id=479"},"modified":"2025-05-14T15:12:40","modified_gmt":"2025-05-14T18:12:40","slug":"politica-de-privacidade","status":"publish","type":"page","link":"https:\/\/metviral.com\/fr\/politica-de-privacidade\/","title":{"rendered":"Politique de confidentialit\u00e9"},"content":{"rendered":"<html><body><p>Nous accordons une grande importance \u00e0 la protection de votre vie priv\u00e9e. La politique de <strong>MetViral<\/strong> respecter votre vie priv\u00e9e en ce qui concerne les informations que nous pourrions recueillir aupr\u00e8s de vous sur le site <strong>MetViral<\/strong>et d'autres sites que nous poss\u00e9dons et exploitons.<\/p>\n\n\n\n<p>Nous ne demandons des informations personnelles que lorsque nous en avons r\u00e9ellement besoin pour vous fournir un service. Nous le faisons par des moyens justes et l\u00e9gaux, en vous informant et en obtenant votre consentement. Nous vous expliquons \u00e9galement pourquoi nous recueillons ces informations et comment elles seront utilis\u00e9es.<\/p>\n\n\n\n<p>Nous ne conservons les informations collect\u00e9es que le temps n\u00e9cessaire pour fournir le service demand\u00e9. Lorsque nous stockons des donn\u00e9es, nous les prot\u00e9geons par des moyens commercialement acceptables afin d'\u00e9viter la perte et le vol, ainsi que l'acc\u00e8s, la divulgation, la copie, l'utilisation ou la modification non autoris\u00e9s.<\/p>\n\n\n\n<p>Nous ne partageons pas les informations personnelles identifiables avec le public ou des tiers, sauf si la loi l'exige.<\/p>\n\n\n\n<p>Notre site web peut contenir des liens vers des sites web externes qui ne sont pas exploit\u00e9s par nous. Veuillez noter que nous n'avons aucun contr\u00f4le sur le contenu et les pratiques de ces sites et que nous ne pouvons \u00eatre tenus responsables de leurs politiques respectives en mati\u00e8re de protection de la vie priv\u00e9e.<\/p>\n\n\n\n<p>Vous \u00eates libre de refuser notre demande d'informations personnelles, \u00e9tant entendu que nous pourrions ne pas \u00eatre en mesure de vous fournir certains des services dont vous avez besoin.<\/p>\n\n\n\n<p>En continuant \u00e0 utiliser notre site web, vous acceptez nos pratiques en mati\u00e8re de protection de la vie priv\u00e9e et des informations personnelles. Si vous avez des questions sur la mani\u00e8re dont nous traitons les donn\u00e9es des utilisateurs et les informations personnelles, veuillez nous contacter.<\/p>\n\n\n\n<p>Le service <strong>Google AdSense<\/strong> que nous utilisons pour diffuser de la publicit\u00e9 utilise un cookie <strong>DoubleClick<\/strong> pour diffuser des publicit\u00e9s plus pertinentes sur le web et limiter le nombre de fois qu'une publicit\u00e9 particuli\u00e8re vous est montr\u00e9e.<\/p>\n\n\n\n<p>Pour plus d'informations sur Google AdSense, consultez les FAQ officielles sur la confidentialit\u00e9 de Google AdSense.<\/p>\n\n\n\n<p>Nous utilisons les publicit\u00e9s pour compenser les co\u00fbts de fonctionnement de ce site et pour financer les d\u00e9veloppements futurs. Les cookies de publicit\u00e9 comportementale utilis\u00e9s par ce site sont con\u00e7us pour s'assurer que vous recevez les publicit\u00e9s les plus pertinentes possible en suivant de mani\u00e8re anonyme vos centres d'int\u00e9r\u00eat et en vous pr\u00e9sentant des choses similaires susceptibles de vous int\u00e9resser.<\/p>\n\n\n\n<p>Divers partenaires font de la publicit\u00e9 en notre nom et les cookies de suivi des affili\u00e9s nous permettent simplement de voir si nos clients ont acc\u00e9d\u00e9 au site via l'un des sites de nos partenaires, afin que nous puissions les cr\u00e9diter de mani\u00e8re appropri\u00e9e et, le cas \u00e9ch\u00e9ant, permettre \u00e0 nos partenaires affili\u00e9s d'offrir toute promotion susceptible de vous donner l'occasion d'effectuer un achat.<\/p>\n\n\n\n<h2 class=\"wp-block-heading\">Engagement de l'utilisateur<\/h2>\n\n\n\n<p>L'utilisateur s'engage \u00e0 faire un usage appropri\u00e9 des contenus et des informations que le site Internet de l'Union europ\u00e9enne met \u00e0 sa disposition. <strong>MetViral<\/strong> sur le site web et a pour but d'expliquer, mais pas de limiter :<\/p>\n\n\n\n<p>A) Ne pas s'engager dans des activit\u00e9s ill\u00e9gales ou contraires \u00e0 la bonne foi et \u00e0 l'ordre public ;<br>B) Ne pas diffuser de propagande ou de contenu \u00e0 caract\u00e8re raciste, x\u00e9nophobe, de jeux de hasard ou d'argent, de tout type de pornographie ill\u00e9gale, d'apologie du terrorisme ou des droits de l'homme ;<br>C) Ne pas endommager les syst\u00e8mes physiques (mat\u00e9riel) et logiques (logiciels) de l'organisation. <strong>MetViral<\/strong>En cas de violation du pr\u00e9sent accord, l'Entreprise n'est pas responsable vis-\u00e0-vis de toute personne, de ses fournisseurs ou de tiers, de l'introduction ou de la diffusion de virus informatiques ou de tout autre syst\u00e8me mat\u00e9riel ou logiciel susceptible de causer les dommages susmentionn\u00e9s.<\/p>\n\n\n\n<h2 class=\"wp-block-heading\">Plus d'informations<\/h2>\n\n\n\n<p>Nous esp\u00e9rons que cela est clair et, comme mentionn\u00e9 pr\u00e9c\u00e9demment, si vous n'\u00eates pas s\u00fbr d'avoir besoin de quelque chose, il est g\u00e9n\u00e9ralement plus s\u00fbr de laisser les cookies activ\u00e9s si vous interagissez avec l'une des fonctions que vous utilisez sur notre site.<\/p>\n\n\n\n<p><strong>Cette politique entre en vigueur le 14 mai 2025, \u00e0 13 h 44.<\/strong><\/p>\n<\/body><\/html>","protected":false},"excerpt":{"rendered":"<p>A sua privacidade \u00e9 importante para n\u00f3s. \u00c9 pol\u00edtica do MetViral respeitar a sua privacidade em rela\u00e7\u00e3o a qualquer informa\u00e7\u00e3o sua que possamos coletar no site MetViral, e outros sites que possu\u00edmos e operamos. Solicitamos informa\u00e7\u00f5es pessoais apenas quando realmente precisamos delas para lhe fornecer um servi\u00e7o. Fazemo-lo por meios justos e legais, com o [&hellip;]<\/p>","protected":false},"author":2,"featured_media":0,"parent":0,"menu_order":0,"comment_status":"closed","ping_status":"closed","template":"","meta":{"footnotes":""},"class_list":["post-479","page","type-page","status-publish","hentry"],"yoast_head":"<!-- This site is optimized with the Yoast SEO Premium plugin v25.9 (Yoast SEO v25.9) - https:\/\/yoast.com\/wordpress\/plugins\/seo\/ -->\n<title>Pol\u00edtica de Privacidade - Met Viral<\/title>\n<meta name=\"robots\" content=\"index, follow, max-snippet:-1, max-image-preview:large, max-video-preview:-1\" \/>\n<link rel=\"canonical\" href=\"https:\/\/metviral.com\/fr\/politica-de-privacidade\/\" \/>\n<meta property=\"og:locale\" content=\"fr_FR\" \/>\n<meta property=\"og:type\" content=\"article\" \/>\n<meta property=\"og:title\" content=\"Pol\u00edtica de Privacidade\" \/>\n<meta property=\"og:description\" content=\"A sua privacidade \u00e9 importante para n\u00f3s. \u00c9 pol\u00edtica do MetViral respeitar a sua privacidade em rela\u00e7\u00e3o a qualquer informa\u00e7\u00e3o sua que possamos coletar no site MetViral, e outros sites que possu\u00edmos e operamos. Solicitamos informa\u00e7\u00f5es pessoais apenas quando realmente precisamos delas para lhe fornecer um servi\u00e7o. Fazemo-lo por meios justos e legais, com o [&hellip;]\" \/>\n<meta property=\"og:url\" content=\"https:\/\/metviral.com\/fr\/politica-de-privacidade\/\" \/>\n<meta property=\"og:site_name\" content=\"Met Viral\" \/>\n<meta property=\"article:modified_time\" content=\"2025-05-14T18:12:40+00:00\" \/>\n<meta name=\"twitter:card\" content=\"summary_large_image\" \/>\n<meta name=\"twitter:label1\" content=\"Dur\u00e9e de lecture estim\u00e9e\" \/>\n\t<meta name=\"twitter:data1\" content=\"4 minutes\" \/>\n<script type=\"application\/ld+json\" class=\"yoast-schema-graph\">{\"@context\":\"https:\/\/schema.org\",\"@graph\":[{\"@type\":\"WebPage\",\"@id\":\"https:\/\/metviral.com\/politica-de-privacidade\/\",\"url\":\"https:\/\/metviral.com\/politica-de-privacidade\/\",\"name\":\"Pol\u00edtica de Privacidade - Met Viral\",\"isPartOf\":{\"@id\":\"https:\/\/metviral.com\/#website\"},\"datePublished\":\"2025-05-14T18:12:39+00:00\",\"dateModified\":\"2025-05-14T18:12:40+00:00\",\"breadcrumb\":{\"@id\":\"https:\/\/metviral.com\/politica-de-privacidade\/#breadcrumb\"},\"inLanguage\":\"fr-FR\",\"potentialAction\":[{\"@type\":\"ReadAction\",\"target\":[\"https:\/\/metviral.com\/politica-de-privacidade\/\"]}]},{\"@type\":\"BreadcrumbList\",\"@id\":\"https:\/\/metviral.com\/politica-de-privacidade\/#breadcrumb\",\"itemListElement\":[{\"@type\":\"ListItem\",\"position\":1,\"name\":\"In\u00edcio\",\"item\":\"https:\/\/metviral.com\/\"},{\"@type\":\"ListItem\",\"position\":2,\"name\":\"Pol\u00edtica de Privacidade\"}]},{\"@type\":\"WebSite\",\"@id\":\"https:\/\/metviral.com\/#website\",\"url\":\"https:\/\/metviral.com\/\",\"name\":\"Met Viral\",\"description\":\"\",\"potentialAction\":[{\"@type\":\"SearchAction\",\"target\":{\"@type\":\"EntryPoint\",\"urlTemplate\":\"https:\/\/metviral.com\/?s={search_term_string}\"},\"query-input\":{\"@type\":\"PropertyValueSpecification\",\"valueRequired\":true,\"valueName\":\"search_term_string\"}}],\"inLanguage\":\"fr-FR\"}]}<\/script>\n<!-- \/ Yoast SEO Premium plugin. -->","yoast_head_json":{"title":"Politique de confidentialit\u00e9 - Met Viral","robots":{"index":"index","follow":"follow","max-snippet":"max-snippet:-1","max-image-preview":"max-image-preview:large","max-video-preview":"max-video-preview:-1"},"canonical":"https:\/\/metviral.com\/fr\/politica-de-privacidade\/","og_locale":"fr_FR","og_type":"article","og_title":"Pol\u00edtica de Privacidade","og_description":"A sua privacidade \u00e9 importante para n\u00f3s. \u00c9 pol\u00edtica do MetViral respeitar a sua privacidade em rela\u00e7\u00e3o a qualquer informa\u00e7\u00e3o sua que possamos coletar no site MetViral, e outros sites que possu\u00edmos e operamos. Solicitamos informa\u00e7\u00f5es pessoais apenas quando realmente precisamos delas para lhe fornecer um servi\u00e7o. Fazemo-lo por meios justos e legais, com o [&hellip;]","og_url":"https:\/\/metviral.com\/fr\/politica-de-privacidade\/","og_site_name":"Met Viral","article_modified_time":"2025-05-14T18:12:40+00:00","twitter_card":"summary_large_image","twitter_misc":{"Dur\u00e9e de lecture estim\u00e9e":"4 minutes"},"schema":{"@context":"https:\/\/schema.org","@graph":[{"@type":"WebPage","@id":"https:\/\/metviral.com\/politica-de-privacidade\/","url":"https:\/\/metviral.com\/politica-de-privacidade\/","name":"Politique de confidentialit\u00e9 - Met Viral","isPartOf":{"@id":"https:\/\/metviral.com\/#website"},"datePublished":"2025-05-14T18:12:39+00:00","dateModified":"2025-05-14T18:12:40+00:00","breadcrumb":{"@id":"https:\/\/metviral.com\/politica-de-privacidade\/#breadcrumb"},"inLanguage":"fr-FR","potentialAction":[{"@type":"ReadAction","target":["https:\/\/metviral.com\/politica-de-privacidade\/"]}]},{"@type":"BreadcrumbList","@id":"https:\/\/metviral.com\/politica-de-privacidade\/#breadcrumb","itemListElement":[{"@type":"ListItem","position":1,"name":"In\u00edcio","item":"https:\/\/metviral.com\/"},{"@type":"ListItem","position":2,"name":"Pol\u00edtica de Privacidade"}]},{"@type":"WebSite","@id":"https:\/\/metviral.com\/#website","url":"https:\/\/metviral.com\/","name":"Met Viral","description":"","potentialAction":[{"@type":"SearchAction","target":{"@type":"EntryPoint","urlTemplate":"https:\/\/metviral.com\/?s={search_term_string}"},"query-input":{"@type":"PropertyValueSpecification","valueRequired":true,"valueName":"search_term_string"}}],"inLanguage":"fr-FR"}]}},"_links":{"self":[{"href":"https:\/\/metviral.com\/fr\/wp-json\/wp\/v2\/pages\/479","targetHints":{"allow":["GET"]}}],"collection":[{"href":"https:\/\/metviral.com\/fr\/wp-json\/wp\/v2\/pages"}],"about":[{"href":"https:\/\/metviral.com\/fr\/wp-json\/wp\/v2\/types\/page"}],"author":[{"embeddable":true,"href":"https:\/\/metviral.com\/fr\/wp-json\/wp\/v2\/users\/2"}],"replies":[{"embeddable":true,"href":"https:\/\/metviral.com\/fr\/wp-json\/wp\/v2\/comments?post=479"}],"version-history":[{"count":1,"href":"https:\/\/metviral.com\/fr\/wp-json\/wp\/v2\/pages\/479\/revisions"}],"predecessor-version":[{"id":480,"href":"https:\/\/metviral.com\/fr\/wp-json\/wp\/v2\/pages\/479\/revisions\/480"}],"wp:attachment":[{"href":"https:\/\/metviral.com\/fr\/wp-json\/wp\/v2\/media?parent=479"}],"curies":[{"name":"wp","href":"https:\/\/api.w.org\/{rel}","templated":true}]}}