{"id":690,"date":"2025-09-02T10:29:03","date_gmt":"2025-09-02T13:29:03","guid":{"rendered":"https:\/\/metviral.com\/?page_id=690"},"modified":"2025-09-24T11:12:43","modified_gmt":"2025-09-24T14:12:43","slug":"saiba-como-garantir-sua-casa-nova-pelo-minha-casa-minha-vida-antes-que-seja-tarde","status":"publish","type":"page","link":"https:\/\/metviral.com\/es\/saiba-como-garantir-sua-casa-nova-pelo-minha-casa-minha-vida-antes-que-seja-tarde\/","title":{"rendered":"\u00a1Aprenda a asegurar su nuevo hogar con Minha Casa Minha Vida antes de que sea demasiado tarde!"},"content":{"rendered":"<html><body><div data-elementor-type=\"wp-page\" data-elementor-id=\"690\" class=\"elementor elementor-690\">\n\t\t\t\t\t\t<section class=\"elementor-section elementor-top-section elementor-element elementor-element-46dca58d elementor-section-boxed elementor-section-height-default elementor-section-height-default\" data-id=\"46dca58d\" data-element_type=\"section\">\n\t\t\t\t\t\t<div class=\"elementor-container elementor-column-gap-default\">\n\t\t\t\t\t<div class=\"elementor-column elementor-col-100 elementor-top-column elementor-element elementor-element-fac3a1e\" data-id=\"fac3a1e\" data-element_type=\"column\">\n\t\t\t<div class=\"elementor-widget-wrap elementor-element-populated\">\n\t\t\t\t\t\t<div class=\"elementor-element elementor-element-a18e357 elementor-widget__width-initial elementor-widget elementor-widget-html\" data-id=\"a18e357\" data-element_type=\"widget\" data-widget_type=\"html.default\">\n\t\t\t\t\t<center>  \n   <script>\nvar Content1_slot;\ngoogletag.cmd.push(function() {\n    \n    var mapping = googletag.sizeMapping().addSize([0, 0], ['fluid',[250, 250],[300, 250],[336, 280]]).build();\n    \n    Content1_slot = googletag.defineSlot(\"\/23307682239\/metviral.com\/Metviral_WEB_Content1_20250923\",[[250, 250],[300, 250],[336, 280]], \"Content1\")\n                            .defineSizeMapping(mapping)\n                            .setCollapseEmptyDiv(true)\n                            .addService(googletag.pubads());\n        \n                    googletag.enableServices();\n\n});\n<\/script>\n\n<div id=\"Content1\">\n    <script>\n            googletag.cmd.push(function() { googletag.display('Content1'); });\n    <\/script>\n<\/div>\n<\/center> \t\t\t\t<\/div>\n\t\t\t\t\t<\/div>\n\t\t<\/div>\n\t\t\t\t\t<\/div>\n\t\t<\/section>\n\t\t\t\t<section class=\"elementor-section elementor-top-section elementor-element elementor-element-48e6f81f elementor-section-boxed elementor-section-height-default elementor-section-height-default\" data-id=\"48e6f81f\" data-element_type=\"section\">\n\t\t\t\t\t\t<div class=\"elementor-container elementor-column-gap-default\">\n\t\t\t\t\t<div class=\"elementor-column elementor-col-100 elementor-top-column elementor-element elementor-element-62745e38\" data-id=\"62745e38\" data-element_type=\"column\">\n\t\t\t<div class=\"elementor-widget-wrap elementor-element-populated\">\n\t\t\t\t\t\t<div class=\"elementor-element elementor-element-459f143 elementor-widget elementor-widget-text-editor\" data-id=\"459f143\" data-element_type=\"widget\" data-widget_type=\"text-editor.default\">\n\t\t\t\t\t\t\t\t\t<p data-start=\"108\" data-end=\"270\">\u00bfSab\u00eda que existe una forma poco publicitada de inscribirse en el <strong data-start=\"178\" data-end=\"203\">Mi casa Mi vida<\/strong>y que esto podr\u00eda asegurar su lugar antes que la mayor\u00eda de la gente?<\/p><p data-start=\"272\" data-end=\"510\">Muchas familias ya est\u00e1n recibiendo la aprobaci\u00f3n, mientras que otras, que tambi\u00e9n tienen derecho, siguen esperando por un simple dato. El secreto est\u00e1 en saber exactamente d\u00f3nde pinchar, qu\u00e9 decirles y el momento adecuado para actuar.<\/p>\t\t\t\t\t\t\t\t<\/div>\n\t\t\t\t\t<\/div>\n\t\t<\/div>\n\t\t\t\t\t<\/div>\n\t\t<\/section>\n\t\t\t\t<section class=\"elementor-section elementor-top-section elementor-element elementor-element-439d6f48 elementor-section-boxed elementor-section-height-default elementor-section-height-default\" data-id=\"439d6f48\" data-element_type=\"section\" data-settings='{\"background_background\":\"classic\"}'>\n\t\t\t\t\t\t<div class=\"elementor-container elementor-column-gap-default\">\n\t\t\t\t\t<div class=\"elementor-column elementor-col-100 elementor-top-column elementor-element elementor-element-642e25e0\" data-id=\"642e25e0\" data-element_type=\"column\">\n\t\t\t<div class=\"elementor-widget-wrap elementor-element-populated\">\n\t\t\t\t\t\t<section class=\"elementor-section elementor-inner-section elementor-element elementor-element-52a31975 elementor-section-boxed elementor-section-height-default elementor-section-height-default\" data-id=\"52a31975\" data-element_type=\"section\">\n\t\t\t\t\t\t<div class=\"elementor-container elementor-column-gap-default\">\n\t\t\t\t\t<div class=\"elementor-column elementor-col-50 elementor-inner-column elementor-element elementor-element-386e718b\" data-id=\"386e718b\" data-element_type=\"column\">\n\t\t\t<div class=\"elementor-widget-wrap elementor-element-populated\">\n\t\t\t\t\t\t<div class=\"elementor-element elementor-element-27632e58 elementor-widget elementor-widget-image\" data-id=\"27632e58\" data-element_type=\"widget\" data-widget_type=\"image.default\">\n\t\t\t\t\t\t\t\t\t\t\t\t\t\t\t<img fetchpriority=\"high\" decoding=\"async\" width=\"942\" height=\"628\" src=\"https:\/\/metviral.com\/wp-content\/uploads\/2025\/09\/Inserir-um-titulo-15.jpg\" class=\"attachment-large size-large wp-image-696\" alt=\"\" srcset=\"https:\/\/metviral.com\/wp-content\/uploads\/2025\/09\/Inserir-um-titulo-15.jpg 942w, https:\/\/metviral.com\/wp-content\/uploads\/2025\/09\/Inserir-um-titulo-15-300x200.jpg 300w, https:\/\/metviral.com\/wp-content\/uploads\/2025\/09\/Inserir-um-titulo-15-768x512.jpg 768w\" sizes=\"(max-width: 942px) 100vw, 942px\">\t\t\t\t\t\t\t\t\t\t\t\t\t\t\t<\/div>\n\t\t\t\t\t<\/div>\n\t\t<\/div>\n\t\t\t\t<div class=\"elementor-column elementor-col-50 elementor-inner-column elementor-element elementor-element-369cfd1b\" data-id=\"369cfd1b\" data-element_type=\"column\">\n\t\t\t<div class=\"elementor-widget-wrap elementor-element-populated\">\n\t\t\t\t\t\t<div class=\"elementor-element elementor-element-14e42aaf elementor-widget elementor-widget-heading\" data-id=\"14e42aaf\" data-element_type=\"widget\" data-widget_type=\"heading.default\">\n\t\t\t\t\t<h3 class=\"elementor-heading-title elementor-size-default\">Paso a paso para inscribirse en Minha Casa Minha Vida<\/h3>\t\t\t\t<\/div>\n\t\t\t\t<div class=\"elementor-element elementor-element-f35e62c elementor-widget elementor-widget-text-editor\" data-id=\"f35e62c\" data-element_type=\"widget\" data-widget_type=\"text-editor.default\">\n\t\t\t\t\t\t\t\t\t<p>Descubra c\u00f3mo miles de brasile\u00f1os consiguen una vivienda propia gracias al programa <strong data-start=\"669\" data-end=\"694\">Mi casa Mi vida<\/strong>!<\/p>\t\t\t\t\t\t\t\t<\/div>\n\t\t\t\t<div class=\"elementor-element elementor-element-ea69395 elementor-widget elementor-widget-html\" data-id=\"ea69395\" data-element_type=\"widget\" data-widget_type=\"html.default\">\n\t\t\t\t\t<a class=\"reward-ads\" href=\"https:\/\/metviral.com\/es\/o-segredo-pouco-divulgado-para-garantir-sua-casa-pelo-minha-casa-minha-vida\/\" style=\"  display: flex;  align-items: center;  justify-content: space-between;  background-color: #00AD3A;  border-radius: 10px;  box-shadow: 0 2px 6px rgba(0,0,0,0.1);  padding: 12px 18px;  margin: 10px auto;  max-width: 700px;  text-decoration: none;  color: #ffffff;  font-family: Arial, sans-serif;\">\r\n  <div>\r\n    <strong style=\"color: #ffffff; font-size: 15px;\">C\u00d3MO INSCRIBIRSE<\/strong><br>\r\n    <span style=\"font-size: 12px; color: #ffffff;\">Haga clic aqu\u00ed para obtener m\u00e1s informaci\u00f3n.<\/span>\r\n  <\/div>\r\n  <div style=\"font-size: 18px; color: #ffffff; margin-left: 10px;\">\u27a4<\/div>\r\n<\/a>\r\n\r\n<style>\r\n  @media (max-width: 480px) {\r\n    .reward-ads {\r\n      padding: 6px 12px !important;\r\n    }\r\n    .reward-ads strong {\r\n      font-size: 14px !important;\r\n    }\r\n    .reward-ads span {\r\n      font-size: 12px !important;\r\n    }\r\n    .reward-ads div:last-child {\r\n      font-size: 16px !important;\r\n    }\r\n  }\r\n<\/style>\r\n\t\t\t\t<\/div>\n\t\t\t\t<div class=\"elementor-element elementor-element-7404cbd elementor-widget elementor-widget-heading\" data-id=\"7404cbd\" data-element_type=\"widget\" data-widget_type=\"heading.default\">\n\t\t\t\t\t<h5 class=\"elementor-heading-title elementor-size-default\">Permanecer\u00e1 en el mismo sitio.<\/h5>\t\t\t\t<\/div>\n\t\t\t\t\t<\/div>\n\t\t<\/div>\n\t\t\t\t\t<\/div>\n\t\t<\/section>\n\t\t\t\t\t<\/div>\n\t\t<\/div>\n\t\t\t\t\t<\/div>\n\t\t<\/section>\n\t\t\t\t<section class=\"elementor-section elementor-top-section elementor-element elementor-element-1fe13e6b elementor-section-boxed elementor-section-height-default elementor-section-height-default\" data-id=\"1fe13e6b\" data-element_type=\"section\">\n\t\t\t\t\t\t<div class=\"elementor-container elementor-column-gap-default\">\n\t\t\t\t\t<div class=\"elementor-column elementor-col-100 elementor-top-column elementor-element elementor-element-10dbf58e\" data-id=\"10dbf58e\" data-element_type=\"column\">\n\t\t\t<div class=\"elementor-widget-wrap elementor-element-populated\">\n\t\t\t\t\t\t<div class=\"elementor-element elementor-element-6081471d elementor-widget elementor-widget-text-editor\" data-id=\"6081471d\" data-element_type=\"widget\" data-widget_type=\"text-editor.default\">\n\t\t\t\t\t\t\t\t\t<p data-start=\"847\" data-end=\"1044\">El programa se ha actualizado, los criterios han cambiado y miles de personas ya est\u00e1n siendo tenidas en cuenta silenciosamente. Los que se retrasan salen perdiendo, porque la cola avanza r\u00e1pido y las viviendas son limitadas.<\/p><p data-start=\"1046\" data-end=\"1268\">Podr\u00eda estar a un paso de asegurar su vivienda con un pago inicial f\u00e1cil, cuotas reducidas o incluso la exenci\u00f3n total. S\u00ed, ya est\u00e1 ocurriendo, pero no para los que esperan a que salgan las noticias en la tele.<\/p><h3 data-start=\"1270\" data-end=\"1340\">\u00bfPor qu\u00e9 hay tanta gente que deja pasar esta oportunidad?<\/h3><p data-start=\"1341\" data-end=\"1480\">Todav\u00eda hay quien cree que el programa es \"solo para los que reciben Bolsa Fam\u00edlia\" o que el proceso es demasiado burocr\u00e1tico. Este error se paga caro.<\/p><p data-start=\"1482\" data-end=\"1663\">Hoy <strong data-start=\"1490\" data-end=\"1515\">Mi casa Mi vida<\/strong> Atiende a distintos tramos de renta, y muchos ya est\u00e1n recibiendo la aprobaci\u00f3n sin depender de otras prestaciones sociales, con s\u00f3lo seguir el proceso correcto.<\/p><p data-start=\"1665\" data-end=\"1894\">Es m\u00e1s, la mayor\u00eda de los registros denegados tienen algo en com\u00fan: datos obsoletos, documentos err\u00f3neos o registro en el lugar equivocado. La buena noticia es que todo esto puede corregirse ahora mismo, 100% en l\u00ednea y gratuitamente.<\/p><h3 data-start=\"1896\" data-end=\"1950\">\u00bfSab\u00edas que puedes hacer de todo en tu m\u00f3vil?<\/h3><p data-start=\"1951\" data-end=\"2049\">Sin necesidad de hacer cola. Todo el proceso se puede hacer desde casa, utilizando solo el tel\u00e9fono m\u00f3vil.<\/p><p data-start=\"2051\" data-end=\"2212\">A trav\u00e9s de la app oficial de la Caixa, puedes simular plazos, enviar documentos y hacer un seguimiento del an\u00e1lisis.\u00a0<\/p><p data-start=\"2214\" data-end=\"2377\">Poca gente lo sabe, pero hay atajos estrat\u00e9gicos a la hora de rellenar el formulario de solicitud que aumentan sus posibilidades de aprobaci\u00f3n, y esto se revelar\u00e1 en el art\u00edculo completo.<\/p><p data-start=\"2379\" data-end=\"2523\">As\u00ed que, si est\u00e1s cansado de pagar alquileres, vivir de favores o sue\u00f1as con tener una casa para tu familia, \u00e9sta puede ser la oportunidad que estabas esperando.<\/p><p data-start=\"2525\" data-end=\"2661\">Pero cuidado: las propiedades est\u00e1n limitadas por regiones, y cuanto m\u00e1s se retrase, mayor ser\u00e1 la competencia. Los que se anticipan salen ganando.<\/p><p data-start=\"2525\" data-end=\"2661\">\u00a0Haga clic en el bot\u00f3n de abajo y consulte las instrucciones detalladas paso a paso para registrarse en el <strong data-start=\"2743\" data-end=\"2768\">Mi casa Mi vida<\/strong> hoy - \u00a1antes de que se cierren las nuevas selecciones!<\/p>\t\t\t\t\t\t\t\t<\/div>\n\t\t\t\t\t<\/div>\n\t\t<\/div>\n\t\t\t\t\t<\/div>\n\t\t<\/section>\n\t\t\t\t<section class=\"elementor-section elementor-top-section elementor-element elementor-element-73079aa0 elementor-section-boxed elementor-section-height-default elementor-section-height-default\" data-id=\"73079aa0\" data-element_type=\"section\">\n\t\t\t\t\t\t<div class=\"elementor-container elementor-column-gap-default\">\n\t\t\t\t\t<div class=\"elementor-column elementor-col-100 elementor-top-column elementor-element elementor-element-4ba053aa\" data-id=\"4ba053aa\" data-element_type=\"column\">\n\t\t\t<div class=\"elementor-widget-wrap elementor-element-populated\">\n\t\t\t\t\t\t<div class=\"elementor-element elementor-element-3415377 elementor-widget elementor-widget-html\" data-id=\"3415377\" data-element_type=\"widget\" data-widget_type=\"html.default\">\n\t\t\t\t\t<!-- Inclua a biblioteca do FontAwesome no <head> do seu site se ainda n&atilde;o tiver -->\r\n<link href=\"https:\/\/cdnjs.cloudflare.com\/ajax\/libs\/font-awesome\/6.5.1\/css\/all.min.css\" rel=\"stylesheet\">\r\n\r\n<a class=\"reward-ads\" href=\"https:\/\/metviral.com\/es\/o-segredo-pouco-divulgado-para-garantir-sua-casa-pelo-minha-casa-minha-vida\/\" style=\"  display: flex;  align-items: center;  justify-content: space-between;  background-color: #0053E6;  border-radius: 10px;  box-shadow: 0 2px 6px rgba(0,0,0,0.1);  padding: 12px 18px;  margin: 10px auto;  max-width: 700px;  text-decoration: none;  color: #ffffff;  font-family: Arial, sans-serif;\">\r\n  <div style=\"display: flex; align-items: center; gap: 8px;\">\r\n    <i class=\"fas fa-arrow-alt-circle-right\" style=\"font-size: 18px; color: #ffffff;\"><\/i>\r\n    <strong style=\"color: #ffffff; font-size: 15px;\">C\u00d3MO REGISTRARSE PASO A PASO<\/strong>\r\n  <\/div>\r\n  <div style=\"font-size: 18px; color: #ffffff; margin-left: 10px;\">\u27a4<\/div>\r\n<\/a>\r\n\r\n<style>\r\n  @media (max-width: 480px) {\r\n    .reward-ads {\r\n      padding: 6px 12px !important;\r\n    }\r\n    .reward-ads strong {\r\n      font-size: 14px !important;\r\n    }\r\n    .reward-ads span {\r\n      font-size: 12px !important;\r\n    }\r\n    .reward-ads div:last-child {\r\n      font-size: 16px !important;\r\n    }\r\n  }\r\n<\/style>\r\n\t\t\t\t<\/div>\n\t\t\t\t<div class=\"elementor-element elementor-element-12da1c13 elementor-widget elementor-widget-heading\" data-id=\"12da1c13\" data-element_type=\"widget\" data-widget_type=\"heading.default\">\n\t\t\t\t\t<h5 class=\"elementor-heading-title elementor-size-default\">Permanecer\u00e1 en el mismo sitio.<\/h5>\t\t\t\t<\/div>\n\t\t\t\t\t<\/div>\n\t\t<\/div>\n\t\t\t\t\t<\/div>\n\t\t<\/section>\n\t\t\t\t<\/div>\n\t\t<\/body><\/html>","protected":false},"excerpt":{"rendered":"<p>Voc\u00ea sabia que existe um caminho pouco divulgado para se cadastrar no Minha Casa Minha Vida, e que isso pode garantir sua vaga antes da maioria das pessoas? Muitas fam\u00edlias j\u00e1 est\u00e3o sendo aprovadas enquanto outras, que tamb\u00e9m t\u00eam direito, continuam aguardando apenas por falta de uma simples informa\u00e7\u00e3o. O segredo est\u00e1 em saber exatamente [&hellip;]<\/p>","protected":false},"author":2,"featured_media":0,"parent":0,"menu_order":0,"comment_status":"closed","ping_status":"closed","template":"","meta":{"footnotes":""},"class_list":["post-690","page","type-page","status-publish","hentry"],"yoast_head":"<!-- This site is optimized with the Yoast SEO Premium plugin v25.9 (Yoast SEO v25.9) - https:\/\/yoast.com\/wordpress\/plugins\/seo\/ -->\n<title>Saiba Como Garantir Sua Casa Nova pelo Minha Casa Minha Vida Antes que Seja Tarde! - Met Viral<\/title>\n<meta name=\"robots\" content=\"index, follow, max-snippet:-1, max-image-preview:large, max-video-preview:-1\" \/>\n<link rel=\"canonical\" href=\"https:\/\/metviral.com\/es\/saiba-como-garantir-sua-casa-nova-pelo-minha-casa-minha-vida-antes-que-seja-tarde\/\" \/>\n<meta property=\"og:locale\" content=\"es_ES\" \/>\n<meta property=\"og:type\" content=\"article\" \/>\n<meta property=\"og:title\" content=\"Saiba Como Garantir Sua Casa Nova pelo Minha Casa Minha Vida Antes que Seja Tarde!\" \/>\n<meta property=\"og:description\" content=\"Voc\u00ea sabia que existe um caminho pouco divulgado para se cadastrar no Minha Casa Minha Vida, e que isso pode garantir sua vaga antes da maioria das pessoas? Muitas fam\u00edlias j\u00e1 est\u00e3o sendo aprovadas enquanto outras, que tamb\u00e9m t\u00eam direito, continuam aguardando apenas por falta de uma simples informa\u00e7\u00e3o. O segredo est\u00e1 em saber exatamente [&hellip;]\" \/>\n<meta property=\"og:url\" content=\"https:\/\/metviral.com\/es\/saiba-como-garantir-sua-casa-nova-pelo-minha-casa-minha-vida-antes-que-seja-tarde\/\" \/>\n<meta property=\"og:site_name\" content=\"Met Viral\" \/>\n<meta property=\"article:modified_time\" content=\"2025-09-24T14:12:43+00:00\" \/>\n<meta property=\"og:image\" content=\"https:\/\/metviral.com\/wp-content\/uploads\/2025\/09\/Inserir-um-titulo-15.jpg\" \/>\n\t<meta property=\"og:image:width\" content=\"942\" \/>\n\t<meta property=\"og:image:height\" content=\"628\" \/>\n\t<meta property=\"og:image:type\" content=\"image\/jpeg\" \/>\n<meta name=\"twitter:card\" content=\"summary_large_image\" \/>\n<meta name=\"twitter:label1\" content=\"Tiempo de lectura\" \/>\n\t<meta name=\"twitter:data1\" content=\"3 minutos\" \/>\n<script type=\"application\/ld+json\" class=\"yoast-schema-graph\">{\"@context\":\"https:\/\/schema.org\",\"@graph\":[{\"@type\":\"WebPage\",\"@id\":\"https:\/\/metviral.com\/saiba-como-garantir-sua-casa-nova-pelo-minha-casa-minha-vida-antes-que-seja-tarde\/\",\"url\":\"https:\/\/metviral.com\/saiba-como-garantir-sua-casa-nova-pelo-minha-casa-minha-vida-antes-que-seja-tarde\/\",\"name\":\"Saiba Como Garantir Sua Casa Nova pelo Minha Casa Minha Vida Antes que Seja Tarde! - Met Viral\",\"isPartOf\":{\"@id\":\"https:\/\/metviral.com\/#website\"},\"primaryImageOfPage\":{\"@id\":\"https:\/\/metviral.com\/saiba-como-garantir-sua-casa-nova-pelo-minha-casa-minha-vida-antes-que-seja-tarde\/#primaryimage\"},\"image\":{\"@id\":\"https:\/\/metviral.com\/saiba-como-garantir-sua-casa-nova-pelo-minha-casa-minha-vida-antes-que-seja-tarde\/#primaryimage\"},\"thumbnailUrl\":\"https:\/\/metviral.com\/wp-content\/uploads\/2025\/09\/Inserir-um-titulo-15.jpg\",\"datePublished\":\"2025-09-02T13:29:03+00:00\",\"dateModified\":\"2025-09-24T14:12:43+00:00\",\"breadcrumb\":{\"@id\":\"https:\/\/metviral.com\/saiba-como-garantir-sua-casa-nova-pelo-minha-casa-minha-vida-antes-que-seja-tarde\/#breadcrumb\"},\"inLanguage\":\"es\",\"potentialAction\":[{\"@type\":\"ReadAction\",\"target\":[\"https:\/\/metviral.com\/saiba-como-garantir-sua-casa-nova-pelo-minha-casa-minha-vida-antes-que-seja-tarde\/\"]}]},{\"@type\":\"ImageObject\",\"inLanguage\":\"es\",\"@id\":\"https:\/\/metviral.com\/saiba-como-garantir-sua-casa-nova-pelo-minha-casa-minha-vida-antes-que-seja-tarde\/#primaryimage\",\"url\":\"https:\/\/metviral.com\/wp-content\/uploads\/2025\/09\/Inserir-um-titulo-15.jpg\",\"contentUrl\":\"https:\/\/metviral.com\/wp-content\/uploads\/2025\/09\/Inserir-um-titulo-15.jpg\"},{\"@type\":\"BreadcrumbList\",\"@id\":\"https:\/\/metviral.com\/saiba-como-garantir-sua-casa-nova-pelo-minha-casa-minha-vida-antes-que-seja-tarde\/#breadcrumb\",\"itemListElement\":[{\"@type\":\"ListItem\",\"position\":1,\"name\":\"In\u00edcio\",\"item\":\"https:\/\/metviral.com\/\"},{\"@type\":\"ListItem\",\"position\":2,\"name\":\"Saiba Como Garantir Sua Casa Nova pelo Minha Casa Minha Vida Antes que Seja Tarde!\"}]},{\"@type\":\"WebSite\",\"@id\":\"https:\/\/metviral.com\/#website\",\"url\":\"https:\/\/metviral.com\/\",\"name\":\"Met Viral\",\"description\":\"\",\"potentialAction\":[{\"@type\":\"SearchAction\",\"target\":{\"@type\":\"EntryPoint\",\"urlTemplate\":\"https:\/\/metviral.com\/?s={search_term_string}\"},\"query-input\":{\"@type\":\"PropertyValueSpecification\",\"valueRequired\":true,\"valueName\":\"search_term_string\"}}],\"inLanguage\":\"es\"}]}<\/script>\n<!-- \/ Yoast SEO Premium plugin. -->","yoast_head_json":{"title":"\u00a1Aprenda a asegurar su nuevo hogar con Minha Casa Minha Vida antes de que sea demasiado tarde! - Met Viral","robots":{"index":"index","follow":"follow","max-snippet":"max-snippet:-1","max-image-preview":"max-image-preview:large","max-video-preview":"max-video-preview:-1"},"canonical":"https:\/\/metviral.com\/es\/saiba-como-garantir-sua-casa-nova-pelo-minha-casa-minha-vida-antes-que-seja-tarde\/","og_locale":"es_ES","og_type":"article","og_title":"Saiba Como Garantir Sua Casa Nova pelo Minha Casa Minha Vida Antes que Seja Tarde!","og_description":"Voc\u00ea sabia que existe um caminho pouco divulgado para se cadastrar no Minha Casa Minha Vida, e que isso pode garantir sua vaga antes da maioria das pessoas? Muitas fam\u00edlias j\u00e1 est\u00e3o sendo aprovadas enquanto outras, que tamb\u00e9m t\u00eam direito, continuam aguardando apenas por falta de uma simples informa\u00e7\u00e3o. O segredo est\u00e1 em saber exatamente [&hellip;]","og_url":"https:\/\/metviral.com\/es\/saiba-como-garantir-sua-casa-nova-pelo-minha-casa-minha-vida-antes-que-seja-tarde\/","og_site_name":"Met Viral","article_modified_time":"2025-09-24T14:12:43+00:00","og_image":[{"width":942,"height":628,"url":"https:\/\/metviral.com\/wp-content\/uploads\/2025\/09\/Inserir-um-titulo-15.jpg","type":"image\/jpeg"}],"twitter_card":"summary_large_image","twitter_misc":{"Tiempo de lectura":"3 minutos"},"schema":{"@context":"https:\/\/schema.org","@graph":[{"@type":"WebPage","@id":"https:\/\/metviral.com\/saiba-como-garantir-sua-casa-nova-pelo-minha-casa-minha-vida-antes-que-seja-tarde\/","url":"https:\/\/metviral.com\/saiba-como-garantir-sua-casa-nova-pelo-minha-casa-minha-vida-antes-que-seja-tarde\/","name":"\u00a1Aprenda a asegurar su nuevo hogar con Minha Casa Minha Vida antes de que sea demasiado tarde! - Met Viral","isPartOf":{"@id":"https:\/\/metviral.com\/#website"},"primaryImageOfPage":{"@id":"https:\/\/metviral.com\/saiba-como-garantir-sua-casa-nova-pelo-minha-casa-minha-vida-antes-que-seja-tarde\/#primaryimage"},"image":{"@id":"https:\/\/metviral.com\/saiba-como-garantir-sua-casa-nova-pelo-minha-casa-minha-vida-antes-que-seja-tarde\/#primaryimage"},"thumbnailUrl":"https:\/\/metviral.com\/wp-content\/uploads\/2025\/09\/Inserir-um-titulo-15.jpg","datePublished":"2025-09-02T13:29:03+00:00","dateModified":"2025-09-24T14:12:43+00:00","breadcrumb":{"@id":"https:\/\/metviral.com\/saiba-como-garantir-sua-casa-nova-pelo-minha-casa-minha-vida-antes-que-seja-tarde\/#breadcrumb"},"inLanguage":"es","potentialAction":[{"@type":"ReadAction","target":["https:\/\/metviral.com\/saiba-como-garantir-sua-casa-nova-pelo-minha-casa-minha-vida-antes-que-seja-tarde\/"]}]},{"@type":"ImageObject","inLanguage":"es","@id":"https:\/\/metviral.com\/saiba-como-garantir-sua-casa-nova-pelo-minha-casa-minha-vida-antes-que-seja-tarde\/#primaryimage","url":"https:\/\/metviral.com\/wp-content\/uploads\/2025\/09\/Inserir-um-titulo-15.jpg","contentUrl":"https:\/\/metviral.com\/wp-content\/uploads\/2025\/09\/Inserir-um-titulo-15.jpg"},{"@type":"BreadcrumbList","@id":"https:\/\/metviral.com\/saiba-como-garantir-sua-casa-nova-pelo-minha-casa-minha-vida-antes-que-seja-tarde\/#breadcrumb","itemListElement":[{"@type":"ListItem","position":1,"name":"In\u00edcio","item":"https:\/\/metviral.com\/"},{"@type":"ListItem","position":2,"name":"Saiba Como Garantir Sua Casa Nova pelo Minha Casa Minha Vida Antes que Seja Tarde!"}]},{"@type":"WebSite","@id":"https:\/\/metviral.com\/#website","url":"https:\/\/metviral.com\/","name":"Met Viral","description":"","potentialAction":[{"@type":"SearchAction","target":{"@type":"EntryPoint","urlTemplate":"https:\/\/metviral.com\/?s={search_term_string}"},"query-input":{"@type":"PropertyValueSpecification","valueRequired":true,"valueName":"search_term_string"}}],"inLanguage":"es"}]}},"_links":{"self":[{"href":"https:\/\/metviral.com\/es\/wp-json\/wp\/v2\/pages\/690","targetHints":{"allow":["GET"]}}],"collection":[{"href":"https:\/\/metviral.com\/es\/wp-json\/wp\/v2\/pages"}],"about":[{"href":"https:\/\/metviral.com\/es\/wp-json\/wp\/v2\/types\/page"}],"author":[{"embeddable":true,"href":"https:\/\/metviral.com\/es\/wp-json\/wp\/v2\/users\/2"}],"replies":[{"embeddable":true,"href":"https:\/\/metviral.com\/es\/wp-json\/wp\/v2\/comments?post=690"}],"version-history":[{"count":13,"href":"https:\/\/metviral.com\/es\/wp-json\/wp\/v2\/pages\/690\/revisions"}],"predecessor-version":[{"id":755,"href":"https:\/\/metviral.com\/es\/wp-json\/wp\/v2\/pages\/690\/revisions\/755"}],"wp:attachment":[{"href":"https:\/\/metviral.com\/es\/wp-json\/wp\/v2\/media?parent=690"}],"curies":[{"name":"wp","href":"https:\/\/api.w.org\/{rel}","templated":true}]}}