{"id":794,"date":"2025-09-27T12:59:17","date_gmt":"2025-09-27T15:59:17","guid":{"rendered":"https:\/\/metviral.com\/?page_id=794"},"modified":"2025-09-27T13:27:45","modified_gmt":"2025-09-27T16:27:45","slug":"lp01-descubra-como-ter-sua-casa-propria-pagando-apenas-99-por-mes","status":"publish","type":"page","link":"https:\/\/metviral.com\/en\/lp01-descubra-como-ter-sua-casa-propria-pagando-apenas-99-por-mes\/","title":{"rendered":"Discover How to Own Your Own Home for Just $99 a Month"},"content":{"rendered":"<html><body><div data-elementor-type=\"wp-page\" data-elementor-id=\"794\" class=\"elementor elementor-794\">\n\t\t\t\t\t\t<section class=\"elementor-section elementor-top-section elementor-element elementor-element-46dca58d elementor-section-boxed elementor-section-height-default elementor-section-height-default\" data-id=\"46dca58d\" data-element_type=\"section\">\n\t\t\t\t\t\t<div class=\"elementor-container elementor-column-gap-default\">\n\t\t\t\t\t<div class=\"elementor-column elementor-col-100 elementor-top-column elementor-element elementor-element-fac3a1e\" data-id=\"fac3a1e\" data-element_type=\"column\">\n\t\t\t<div class=\"elementor-widget-wrap elementor-element-populated\">\n\t\t\t\t\t\t<div class=\"elementor-element elementor-element-a18e357 elementor-widget__width-initial elementor-widget elementor-widget-html\" data-id=\"a18e357\" data-element_type=\"widget\" data-widget_type=\"html.default\">\n\t\t\t\t\t<center>ads<\/center>\n<center><script>\nvar Content1_slot;\ngoogletag.cmd.push(function() {\n    \n    var mapping = googletag.sizeMapping().addSize([0, 0], ['fluid',[250, 250],[300, 250],[336, 280]]).build();\n    \n    Content1_slot = googletag.defineSlot(\"\/23307682239\/metviral.com\/Metviral_WEB_Content1_20250923\",[[250, 250],[300, 250],[336, 280]], \"Content1\")\n                            .defineSizeMapping(mapping)\n                            .setCollapseEmptyDiv(true)\n                            .addService(googletag.pubads());\n        \n                    googletag.enableServices();\n\n});\n<\/script>\n\n<div id=\"Content1\">\n    <script>\n            googletag.cmd.push(function() { googletag.display('Content1'); });\n    <\/script>\n<\/div>\n<\/center>\t\t\t\t<\/div>\n\t\t\t\t\t<\/div>\n\t\t<\/div>\n\t\t\t\t\t<\/div>\n\t\t<\/section>\n\t\t\t\t<section class=\"elementor-section elementor-top-section elementor-element elementor-element-48e6f81f elementor-section-boxed elementor-section-height-default elementor-section-height-default\" data-id=\"48e6f81f\" data-element_type=\"section\">\n\t\t\t\t\t\t<div class=\"elementor-container elementor-column-gap-default\">\n\t\t\t\t\t<div class=\"elementor-column elementor-col-100 elementor-top-column elementor-element elementor-element-62745e38\" data-id=\"62745e38\" data-element_type=\"column\">\n\t\t\t<div class=\"elementor-widget-wrap elementor-element-populated\">\n\t\t\t\t\t\t<div class=\"elementor-element elementor-element-459f143 elementor-widget elementor-widget-text-editor\" data-id=\"459f143\" data-element_type=\"widget\" data-widget_type=\"text-editor.default\">\n\t\t\t\t\t\t\t\t\t<p data-start=\"579\" data-end=\"850\">Have you ever imagined conquering your <strong data-start=\"616\" data-end=\"632\">home ownership<\/strong> paying an amount that fits in your pocket?<\/p><p data-start=\"579\" data-end=\"850\">It may seem impossible, but the truth is that there are special programs that allow you to make this dream come true with installments starting at just <strong data-start=\"832\" data-end=\"847\">$99 per month<\/strong>.<\/p>\t\t\t\t\t\t\t\t<\/div>\n\t\t\t\t\t<\/div>\n\t\t<\/div>\n\t\t\t\t\t<\/div>\n\t\t<\/section>\n\t\t\t\t<section class=\"elementor-section elementor-top-section elementor-element elementor-element-439d6f48 elementor-section-boxed elementor-section-height-default elementor-section-height-default\" data-id=\"439d6f48\" data-element_type=\"section\" data-settings='{\"background_background\":\"classic\"}'>\n\t\t\t\t\t\t<div class=\"elementor-container elementor-column-gap-default\">\n\t\t\t\t\t<div class=\"elementor-column elementor-col-100 elementor-top-column elementor-element elementor-element-642e25e0\" data-id=\"642e25e0\" data-element_type=\"column\">\n\t\t\t<div class=\"elementor-widget-wrap elementor-element-populated\">\n\t\t\t\t\t\t<section class=\"elementor-section elementor-inner-section elementor-element elementor-element-52a31975 elementor-section-boxed elementor-section-height-default elementor-section-height-default\" data-id=\"52a31975\" data-element_type=\"section\">\n\t\t\t\t\t\t<div class=\"elementor-container elementor-column-gap-default\">\n\t\t\t\t\t<div class=\"elementor-column elementor-col-50 elementor-inner-column elementor-element elementor-element-386e718b\" data-id=\"386e718b\" data-element_type=\"column\">\n\t\t\t<div class=\"elementor-widget-wrap elementor-element-populated\">\n\t\t\t\t\t\t<div class=\"elementor-element elementor-element-27632e58 elementor-widget elementor-widget-image\" data-id=\"27632e58\" data-element_type=\"widget\" data-widget_type=\"image.default\">\n\t\t\t\t\t\t\t\t\t\t\t\t\t\t\t<img fetchpriority=\"high\" decoding=\"async\" width=\"942\" height=\"628\" src=\"https:\/\/metviral.com\/wp-content\/uploads\/2025\/09\/Descubra-Como-Ter-Sua-Casa-Propria-Pagando-Apenas-99-por-Mes.jpg\" class=\"attachment-large size-large wp-image-796\" alt=\"\" srcset=\"https:\/\/metviral.com\/wp-content\/uploads\/2025\/09\/Descubra-Como-Ter-Sua-Casa-Propria-Pagando-Apenas-99-por-Mes.jpg 942w, https:\/\/metviral.com\/wp-content\/uploads\/2025\/09\/Descubra-Como-Ter-Sua-Casa-Propria-Pagando-Apenas-99-por-Mes-300x200.jpg 300w, https:\/\/metviral.com\/wp-content\/uploads\/2025\/09\/Descubra-Como-Ter-Sua-Casa-Propria-Pagando-Apenas-99-por-Mes-768x512.jpg 768w, https:\/\/metviral.com\/wp-content\/uploads\/2025\/09\/Descubra-Como-Ter-Sua-Casa-Propria-Pagando-Apenas-99-por-Mes-18x12.jpg 18w\" sizes=\"(max-width: 942px) 100vw, 942px\">\t\t\t\t\t\t\t\t\t\t\t\t\t\t\t<\/div>\n\t\t\t\t\t<\/div>\n\t\t<\/div>\n\t\t\t\t<div class=\"elementor-column elementor-col-50 elementor-inner-column elementor-element elementor-element-369cfd1b\" data-id=\"369cfd1b\" data-element_type=\"column\">\n\t\t\t<div class=\"elementor-widget-wrap elementor-element-populated\">\n\t\t\t\t\t\t<div class=\"elementor-element elementor-element-14e42aaf elementor-widget elementor-widget-heading\" data-id=\"14e42aaf\" data-element_type=\"widget\" data-widget_type=\"heading.default\">\n\t\t\t\t\t<h3 class=\"elementor-heading-title elementor-size-default\">Step by Step to Register and Win Your New Home!<\/h3>\t\t\t\t<\/div>\n\t\t\t\t<div class=\"elementor-element elementor-element-f35e62c elementor-widget elementor-widget-text-editor\" data-id=\"f35e62c\" data-element_type=\"widget\" data-widget_type=\"text-editor.default\">\n\t\t\t\t\t\t\t\t\t<p>Find out how thousands of people are <strong>conquering your new home<\/strong> paying amounts from <strong>$99 per month. <\/strong><\/p><p>Click on the button below and find out how to register now!<\/p>\t\t\t\t\t\t\t\t<\/div>\n\t\t\t\t<div class=\"elementor-element elementor-element-ea69395 elementor-widget elementor-widget-html\" data-id=\"ea69395\" data-element_type=\"widget\" data-widget_type=\"html.default\">\n\t\t\t\t\t<a class=\"reward-ads\" href=\"https:\/\/metviral.com\/en\/como-conquistar-sua-casa-dos-sonhos-com-parcelas-a-partir-de-99-mensal\/\" style=\"  display: flex;  align-items: center;  justify-content: space-between;  background-color: #00AD3A;  border-radius: 10px;  box-shadow: 0 2px 6px rgba(0,0,0,0.1);  padding: 12px 18px;  margin: 10px auto;  max-width: 700px;  text-decoration: none;  color: #ffffff;  font-family: Arial, sans-serif;\">\r\n  <div>\r\n    <strong style=\"color: #ffffff; font-size: 15px;\">HOW TO REGISTER<\/strong><br>\r\n    <span style=\"font-size: 12px; color: #ffffff;\">Click here to find out more!<\/span>\r\n  <\/div>\r\n  <div style=\"font-size: 18px; color: #ffffff; margin-left: 10px;\">\u27a4<\/div>\r\n<\/a>\r\n\r\n<style>\r\n  @media (max-width: 480px) {\r\n    .reward-ads {\r\n      padding: 6px 12px !important;\r\n    }\r\n    .reward-ads strong {\r\n      font-size: 14px !important;\r\n    }\r\n    .reward-ads span {\r\n      font-size: 12px !important;\r\n    }\r\n    .reward-ads div:last-child {\r\n      font-size: 16px !important;\r\n    }\r\n  }\r\n<\/style>\r\n\t\t\t\t<\/div>\n\t\t\t\t<div class=\"elementor-element elementor-element-7404cbd elementor-widget elementor-widget-heading\" data-id=\"7404cbd\" data-element_type=\"widget\" data-widget_type=\"heading.default\">\n\t\t\t\t\t<h5 class=\"elementor-heading-title elementor-size-default\">You will remain on the same site.<\/h5>\t\t\t\t<\/div>\n\t\t\t\t\t<\/div>\n\t\t<\/div>\n\t\t\t\t\t<\/div>\n\t\t<\/section>\n\t\t\t\t\t<\/div>\n\t\t<\/div>\n\t\t\t\t\t<\/div>\n\t\t<\/section>\n\t\t\t\t<section class=\"elementor-section elementor-top-section elementor-element elementor-element-1fe13e6b elementor-section-boxed elementor-section-height-default elementor-section-height-default\" data-id=\"1fe13e6b\" data-element_type=\"section\">\n\t\t\t\t\t\t<div class=\"elementor-container elementor-column-gap-default\">\n\t\t\t\t\t<div class=\"elementor-column elementor-col-100 elementor-top-column elementor-element elementor-element-10dbf58e\" data-id=\"10dbf58e\" data-element_type=\"column\">\n\t\t\t<div class=\"elementor-widget-wrap elementor-element-populated\">\n\t\t\t\t\t\t<div class=\"elementor-element elementor-element-6081471d elementor-widget elementor-widget-text-editor\" data-id=\"6081471d\" data-element_type=\"widget\" data-widget_type=\"text-editor.default\">\n\t\t\t\t\t\t\t\t\t<p data-start=\"1661\" data-end=\"1695\">While thousands of people are still stuck renting, spending a large part of their income without building assets, others are taking advantage of this unique opportunity to finally <strong data-start=\"1030\" data-end=\"1046\">buy a house<\/strong> at affordable and advantageous conditions.<\/p><h2 data-start=\"1661\" data-end=\"1695\">The Solution Few Know About<\/h2><p data-start=\"1697\" data-end=\"1961\">Thanks to popular housing initiatives, it is now possible to access programs that offer <strong data-start=\"1787\" data-end=\"1810\">home loans<\/strong> subsidized.<\/p><p data-start=\"1697\" data-end=\"1961\">With them, the value of the installment drops dramatically and you can finally conquer your <strong data-start=\"1908\" data-end=\"1924\">home ownership<\/strong> without having to spend a fortune.<\/p><p data-start=\"1963\" data-end=\"2227\">These programs work in a simple way: part of the mortgage is subsidized by the government or non-profit organizations, and you only pay a small fraction.<\/p><p data-start=\"1963\" data-end=\"2227\">In practice, it's as if you had a big discount every month on your <strong data-start=\"2207\" data-end=\"2224\">financing<\/strong>.<\/p><p data-start=\"2229\" data-end=\"2339\">The result? Instead of sky-high installments, you can start by paying only <strong data-start=\"2306\" data-end=\"2317\">$99\/month<\/strong> for their new home.<\/p><h2 data-start=\"2341\" data-end=\"2366\">Who can participate<\/h2><p data-start=\"2368\" data-end=\"2463\">The criteria vary according to each program, but in general they are aimed at families who:<\/p><ul data-start=\"2465\" data-end=\"2710\"><li data-start=\"2465\" data-end=\"2511\"><p data-start=\"2467\" data-end=\"2511\">They have income within predefined limits.<\/p><\/li><li data-start=\"2512\" data-end=\"2553\"><p data-start=\"2514\" data-end=\"2553\">They don't have any property in their name yet.<\/p><\/li><li data-start=\"2554\" data-end=\"2635\"><p data-start=\"2556\" data-end=\"2635\">They want to get out of renting and start a <strong data-start=\"2593\" data-end=\"2622\">real estate financing<\/strong> accessible.<\/p><\/li><li data-start=\"2636\" data-end=\"2710\"><p data-start=\"2638\" data-end=\"2710\">They are willing to present basic income and residence documents.<\/p><\/li><\/ul><p data-start=\"2712\" data-end=\"2880\">If you fit these requirements, you can already take the first step towards <strong data-start=\"2784\" data-end=\"2800\">buy a house<\/strong> on much more advantageous terms than a traditional rental contract.<\/p><h2 data-start=\"2882\" data-end=\"2911\">Advantages of joining<\/h2><p data-start=\"2913\" data-end=\"3026\">Opting for a <strong data-start=\"2938\" data-end=\"2955\">financing<\/strong> with reduced installments can transform your life in many ways:<\/p><ul data-start=\"3028\" data-end=\"3333\"><li data-start=\"3028\" data-end=\"3092\"><p data-start=\"3030\" data-end=\"3092\">You exchange expensive rent for a fixed, predictable installment.<\/p><\/li><li data-start=\"3093\" data-end=\"3174\"><p data-start=\"3095\" data-end=\"3174\">Each payment is no longer a wasted expense, but a building block <strong data-start=\"3157\" data-end=\"3171\">assets<\/strong>.<\/p><\/li><li data-start=\"3175\" data-end=\"3250\"><p data-start=\"3177\" data-end=\"3250\">Your family gains stability, knowing that the home really belongs to you.<\/p><\/li><li data-start=\"3251\" data-end=\"3333\"><p data-start=\"3253\" data-end=\"3333\">Access to <strong data-start=\"3265\" data-end=\"3288\">home loans<\/strong> can open doors to future achievements.<\/p><\/li><\/ul><p data-start=\"3335\" data-end=\"3513\">There's also the psychological factor: nothing compares to the feeling of having the key to your own home and knowing that every effort is being invested in something that is truly yours.<\/p><h2 data-start=\"3515\" data-end=\"3555\">The Way to Your <strong data-start=\"3537\" data-end=\"3553\">Own home<\/strong><\/h2><p data-start=\"3557\" data-end=\"3838\">If until today you believed that conquering your <strong data-start=\"3604\" data-end=\"3620\">home ownership<\/strong> was impossible because of the high installments, know that this reality has changed.<\/p><p data-start=\"3557\" data-end=\"3838\">There are ready-made programs to help families like yours <strong data-start=\"3763\" data-end=\"3779\">buy a house<\/strong> with symbolic values, starting at just <strong data-start=\"3824\" data-end=\"3835\">$99\/month<\/strong>.<\/p><p data-start=\"3840\" data-end=\"3997\">But beware: this is not an opportunity for everyone. The programs are limited, places sell out quickly and you have to act fast to take part.<\/p><h2 data-start=\"3999\" data-end=\"4021\">Your time has come<\/h2><p data-start=\"4023\" data-end=\"4206\">Now that you know about this possibility, you have two choices: continue spending on rent or take the chance to start your own business. <strong data-start=\"4153\" data-end=\"4182\">real estate financing<\/strong> with minimum installments.<\/p><p data-start=\"4208\" data-end=\"4389\">Don't let time pass you by. Many families are already paying just <strong data-start=\"4274\" data-end=\"4289\">$99 per month<\/strong> to live in their own home, while others are still stuck renting due to lack of information.<\/p><p data-start=\"4391\" data-end=\"4545\">Click on the button below and find out how this special benefit works, which could transform your life and put your <strong data-start=\"4512\" data-end=\"4528\">home ownership<\/strong> in your hands.<\/p>\t\t\t\t\t\t\t\t<\/div>\n\t\t\t\t\t<\/div>\n\t\t<\/div>\n\t\t\t\t\t<\/div>\n\t\t<\/section>\n\t\t\t\t<section class=\"elementor-section elementor-top-section elementor-element elementor-element-73079aa0 elementor-section-boxed elementor-section-height-default elementor-section-height-default\" data-id=\"73079aa0\" data-element_type=\"section\">\n\t\t\t\t\t\t<div class=\"elementor-container elementor-column-gap-default\">\n\t\t\t\t\t<div class=\"elementor-column elementor-col-100 elementor-top-column elementor-element elementor-element-4ba053aa\" data-id=\"4ba053aa\" data-element_type=\"column\">\n\t\t\t<div class=\"elementor-widget-wrap elementor-element-populated\">\n\t\t\t\t\t\t<div class=\"elementor-element elementor-element-3415377 elementor-widget elementor-widget-html\" data-id=\"3415377\" data-element_type=\"widget\" data-widget_type=\"html.default\">\n\t\t\t\t\t<!-- Inclua a biblioteca do FontAwesome no <head> do seu site se ainda n&atilde;o tiver -->\r\n<link href=\"https:\/\/cdnjs.cloudflare.com\/ajax\/libs\/font-awesome\/6.5.1\/css\/all.min.css\" rel=\"stylesheet\">\r\n\r\n<a class=\"reward-ads\" href=\"https:\/\/metviral.com\/en\/como-conquistar-sua-casa-dos-sonhos-com-parcelas-a-partir-de-99-mensal\/\" style=\"  display: flex;  align-items: center;  justify-content: space-between;  background-color: #0053E6;  border-radius: 10px;  box-shadow: 0 2px 6px rgba(0,0,0,0.1);  padding: 12px 18px;  margin: 10px auto;  max-width: 700px;  text-decoration: none;  color: #ffffff;  font-family: Arial, sans-serif;\">\r\n  <div style=\"display: flex; align-items: center; gap: 8px;\">\r\n    <i class=\"fas fa-arrow-alt-circle-right\" style=\"font-size: 18px; color: #ffffff;\"><\/i>\r\n    <strong style=\"color: #ffffff; font-size: 15px;\">HOW TO REGISTER STEP BY STEP<\/strong>\r\n  <\/div>\r\n  <div style=\"font-size: 18px; color: #ffffff; margin-left: 10px;\">\u27a4<\/div>\r\n<\/a>\r\n\r\n<style>\r\n  @media (max-width: 480px) {\r\n    .reward-ads {\r\n      padding: 6px 12px !important;\r\n    }\r\n    .reward-ads strong {\r\n      font-size: 14px !important;\r\n    }\r\n    .reward-ads span {\r\n      font-size: 12px !important;\r\n    }\r\n    .reward-ads div:last-child {\r\n      font-size: 16px !important;\r\n    }\r\n  }\r\n<\/style>\r\n\t\t\t\t<\/div>\n\t\t\t\t<div class=\"elementor-element elementor-element-12da1c13 elementor-widget elementor-widget-heading\" data-id=\"12da1c13\" data-element_type=\"widget\" data-widget_type=\"heading.default\">\n\t\t\t\t\t<h5 class=\"elementor-heading-title elementor-size-default\">You will remain on the same site.<\/h5>\t\t\t\t<\/div>\n\t\t\t\t\t<\/div>\n\t\t<\/div>\n\t\t\t\t\t<\/div>\n\t\t<\/section>\n\t\t\t\t<\/div>\n\t\t<\/body><\/html>","protected":false},"excerpt":{"rendered":"<p>ads Voc\u00ea j\u00e1 se imaginou conquistando sua casa pr\u00f3pria pagando uma parcela que cabo no seu bolso? Pode parecer imposs\u00edvel, mas a verdade \u00e9 que existem programas especiais que permitem realizar esse sonho com presta\u00e7\u00f5es a partir de apenas $99 por m\u00eas. Passo a Passo Para se Cadastrar e Conquistar Sua Casa Nova! Descubra como [&hellip;]<\/p>","protected":false},"author":2,"featured_media":0,"parent":0,"menu_order":0,"comment_status":"closed","ping_status":"closed","template":"","meta":{"footnotes":""},"class_list":["post-794","page","type-page","status-publish","hentry"],"yoast_head":"<!-- This site is optimized with the Yoast SEO Premium plugin v25.9 (Yoast SEO v25.9) - https:\/\/yoast.com\/wordpress\/plugins\/seo\/ -->\n<title>Descubra Como Ter Sua Casa Pr\u00f3pria Pagando Apenas $99 por M\u00eas - Met Viral<\/title>\n<meta name=\"robots\" content=\"index, follow, max-snippet:-1, max-image-preview:large, max-video-preview:-1\" \/>\n<link rel=\"canonical\" href=\"https:\/\/metviral.com\/en\/lp01-descubra-como-ter-sua-casa-propria-pagando-apenas-99-por-mes\/\" \/>\n<meta property=\"og:locale\" content=\"en_US\" \/>\n<meta property=\"og:type\" content=\"article\" \/>\n<meta property=\"og:title\" content=\"Descubra Como Ter Sua Casa Pr\u00f3pria Pagando Apenas $99 por M\u00eas\" \/>\n<meta property=\"og:description\" content=\"ads Voc\u00ea j\u00e1 se imaginou conquistando sua casa pr\u00f3pria pagando uma parcela que cabo no seu bolso? Pode parecer imposs\u00edvel, mas a verdade \u00e9 que existem programas especiais que permitem realizar esse sonho com presta\u00e7\u00f5es a partir de apenas $99 por m\u00eas. Passo a Passo Para se Cadastrar e Conquistar Sua Casa Nova! Descubra como [&hellip;]\" \/>\n<meta property=\"og:url\" content=\"https:\/\/metviral.com\/en\/lp01-descubra-como-ter-sua-casa-propria-pagando-apenas-99-por-mes\/\" \/>\n<meta property=\"og:site_name\" content=\"Met Viral\" \/>\n<meta property=\"article:modified_time\" content=\"2025-09-27T16:27:45+00:00\" \/>\n<meta property=\"og:image\" content=\"https:\/\/metviral.com\/wp-content\/uploads\/2025\/09\/Descubra-Como-Ter-Sua-Casa-Propria-Pagando-Apenas-99-por-Mes.jpg\" \/>\n\t<meta property=\"og:image:width\" content=\"942\" \/>\n\t<meta property=\"og:image:height\" content=\"628\" \/>\n\t<meta property=\"og:image:type\" content=\"image\/jpeg\" \/>\n<meta name=\"twitter:card\" content=\"summary_large_image\" \/>\n<meta name=\"twitter:label1\" content=\"Est. reading time\" \/>\n\t<meta name=\"twitter:data1\" content=\"4 minutes\" \/>\n<script type=\"application\/ld+json\" class=\"yoast-schema-graph\">{\"@context\":\"https:\/\/schema.org\",\"@graph\":[{\"@type\":\"WebPage\",\"@id\":\"https:\/\/metviral.com\/lp01-descubra-como-ter-sua-casa-propria-pagando-apenas-99-por-mes\/\",\"url\":\"https:\/\/metviral.com\/lp01-descubra-como-ter-sua-casa-propria-pagando-apenas-99-por-mes\/\",\"name\":\"Descubra Como Ter Sua Casa Pr\u00f3pria Pagando Apenas $99 por M\u00eas - Met Viral\",\"isPartOf\":{\"@id\":\"https:\/\/metviral.com\/#website\"},\"primaryImageOfPage\":{\"@id\":\"https:\/\/metviral.com\/lp01-descubra-como-ter-sua-casa-propria-pagando-apenas-99-por-mes\/#primaryimage\"},\"image\":{\"@id\":\"https:\/\/metviral.com\/lp01-descubra-como-ter-sua-casa-propria-pagando-apenas-99-por-mes\/#primaryimage\"},\"thumbnailUrl\":\"https:\/\/metviral.com\/wp-content\/uploads\/2025\/09\/Descubra-Como-Ter-Sua-Casa-Propria-Pagando-Apenas-99-por-Mes.jpg\",\"datePublished\":\"2025-09-27T15:59:17+00:00\",\"dateModified\":\"2025-09-27T16:27:45+00:00\",\"breadcrumb\":{\"@id\":\"https:\/\/metviral.com\/lp01-descubra-como-ter-sua-casa-propria-pagando-apenas-99-por-mes\/#breadcrumb\"},\"inLanguage\":\"en-US\",\"potentialAction\":[{\"@type\":\"ReadAction\",\"target\":[\"https:\/\/metviral.com\/lp01-descubra-como-ter-sua-casa-propria-pagando-apenas-99-por-mes\/\"]}]},{\"@type\":\"ImageObject\",\"inLanguage\":\"en-US\",\"@id\":\"https:\/\/metviral.com\/lp01-descubra-como-ter-sua-casa-propria-pagando-apenas-99-por-mes\/#primaryimage\",\"url\":\"https:\/\/metviral.com\/wp-content\/uploads\/2025\/09\/Descubra-Como-Ter-Sua-Casa-Propria-Pagando-Apenas-99-por-Mes.jpg\",\"contentUrl\":\"https:\/\/metviral.com\/wp-content\/uploads\/2025\/09\/Descubra-Como-Ter-Sua-Casa-Propria-Pagando-Apenas-99-por-Mes.jpg\"},{\"@type\":\"BreadcrumbList\",\"@id\":\"https:\/\/metviral.com\/lp01-descubra-como-ter-sua-casa-propria-pagando-apenas-99-por-mes\/#breadcrumb\",\"itemListElement\":[{\"@type\":\"ListItem\",\"position\":1,\"name\":\"In\u00edcio\",\"item\":\"https:\/\/metviral.com\/\"},{\"@type\":\"ListItem\",\"position\":2,\"name\":\"Descubra Como Ter Sua Casa Pr\u00f3pria Pagando Apenas $99 por M\u00eas\"}]},{\"@type\":\"WebSite\",\"@id\":\"https:\/\/metviral.com\/#website\",\"url\":\"https:\/\/metviral.com\/\",\"name\":\"Met Viral\",\"description\":\"\",\"potentialAction\":[{\"@type\":\"SearchAction\",\"target\":{\"@type\":\"EntryPoint\",\"urlTemplate\":\"https:\/\/metviral.com\/?s={search_term_string}\"},\"query-input\":{\"@type\":\"PropertyValueSpecification\",\"valueRequired\":true,\"valueName\":\"search_term_string\"}}],\"inLanguage\":\"en-US\"}]}<\/script>\n<!-- \/ Yoast SEO Premium plugin. -->","yoast_head_json":{"title":"Discover How to Own Your Own Home for Just $99 a Month - Met Viral","robots":{"index":"index","follow":"follow","max-snippet":"max-snippet:-1","max-image-preview":"max-image-preview:large","max-video-preview":"max-video-preview:-1"},"canonical":"https:\/\/metviral.com\/en\/lp01-descubra-como-ter-sua-casa-propria-pagando-apenas-99-por-mes\/","og_locale":"en_US","og_type":"article","og_title":"Descubra Como Ter Sua Casa Pr\u00f3pria Pagando Apenas $99 por M\u00eas","og_description":"ads Voc\u00ea j\u00e1 se imaginou conquistando sua casa pr\u00f3pria pagando uma parcela que cabo no seu bolso? Pode parecer imposs\u00edvel, mas a verdade \u00e9 que existem programas especiais que permitem realizar esse sonho com presta\u00e7\u00f5es a partir de apenas $99 por m\u00eas. Passo a Passo Para se Cadastrar e Conquistar Sua Casa Nova! Descubra como [&hellip;]","og_url":"https:\/\/metviral.com\/en\/lp01-descubra-como-ter-sua-casa-propria-pagando-apenas-99-por-mes\/","og_site_name":"Met Viral","article_modified_time":"2025-09-27T16:27:45+00:00","og_image":[{"width":942,"height":628,"url":"https:\/\/metviral.com\/wp-content\/uploads\/2025\/09\/Descubra-Como-Ter-Sua-Casa-Propria-Pagando-Apenas-99-por-Mes.jpg","type":"image\/jpeg"}],"twitter_card":"summary_large_image","twitter_misc":{"Est. reading time":"4 minutes"},"schema":{"@context":"https:\/\/schema.org","@graph":[{"@type":"WebPage","@id":"https:\/\/metviral.com\/lp01-descubra-como-ter-sua-casa-propria-pagando-apenas-99-por-mes\/","url":"https:\/\/metviral.com\/lp01-descubra-como-ter-sua-casa-propria-pagando-apenas-99-por-mes\/","name":"Discover How to Own Your Own Home for Just $99 a Month - Met Viral","isPartOf":{"@id":"https:\/\/metviral.com\/#website"},"primaryImageOfPage":{"@id":"https:\/\/metviral.com\/lp01-descubra-como-ter-sua-casa-propria-pagando-apenas-99-por-mes\/#primaryimage"},"image":{"@id":"https:\/\/metviral.com\/lp01-descubra-como-ter-sua-casa-propria-pagando-apenas-99-por-mes\/#primaryimage"},"thumbnailUrl":"https:\/\/metviral.com\/wp-content\/uploads\/2025\/09\/Descubra-Como-Ter-Sua-Casa-Propria-Pagando-Apenas-99-por-Mes.jpg","datePublished":"2025-09-27T15:59:17+00:00","dateModified":"2025-09-27T16:27:45+00:00","breadcrumb":{"@id":"https:\/\/metviral.com\/lp01-descubra-como-ter-sua-casa-propria-pagando-apenas-99-por-mes\/#breadcrumb"},"inLanguage":"en-US","potentialAction":[{"@type":"ReadAction","target":["https:\/\/metviral.com\/lp01-descubra-como-ter-sua-casa-propria-pagando-apenas-99-por-mes\/"]}]},{"@type":"ImageObject","inLanguage":"en-US","@id":"https:\/\/metviral.com\/lp01-descubra-como-ter-sua-casa-propria-pagando-apenas-99-por-mes\/#primaryimage","url":"https:\/\/metviral.com\/wp-content\/uploads\/2025\/09\/Descubra-Como-Ter-Sua-Casa-Propria-Pagando-Apenas-99-por-Mes.jpg","contentUrl":"https:\/\/metviral.com\/wp-content\/uploads\/2025\/09\/Descubra-Como-Ter-Sua-Casa-Propria-Pagando-Apenas-99-por-Mes.jpg"},{"@type":"BreadcrumbList","@id":"https:\/\/metviral.com\/lp01-descubra-como-ter-sua-casa-propria-pagando-apenas-99-por-mes\/#breadcrumb","itemListElement":[{"@type":"ListItem","position":1,"name":"In\u00edcio","item":"https:\/\/metviral.com\/"},{"@type":"ListItem","position":2,"name":"Descubra Como Ter Sua Casa Pr\u00f3pria Pagando Apenas $99 por M\u00eas"}]},{"@type":"WebSite","@id":"https:\/\/metviral.com\/#website","url":"https:\/\/metviral.com\/","name":"Met Viral","description":"","potentialAction":[{"@type":"SearchAction","target":{"@type":"EntryPoint","urlTemplate":"https:\/\/metviral.com\/?s={search_term_string}"},"query-input":{"@type":"PropertyValueSpecification","valueRequired":true,"valueName":"search_term_string"}}],"inLanguage":"en-US"}]}},"_links":{"self":[{"href":"https:\/\/metviral.com\/en\/wp-json\/wp\/v2\/pages\/794","targetHints":{"allow":["GET"]}}],"collection":[{"href":"https:\/\/metviral.com\/en\/wp-json\/wp\/v2\/pages"}],"about":[{"href":"https:\/\/metviral.com\/en\/wp-json\/wp\/v2\/types\/page"}],"author":[{"embeddable":true,"href":"https:\/\/metviral.com\/en\/wp-json\/wp\/v2\/users\/2"}],"replies":[{"embeddable":true,"href":"https:\/\/metviral.com\/en\/wp-json\/wp\/v2\/comments?post=794"}],"version-history":[{"count":14,"href":"https:\/\/metviral.com\/en\/wp-json\/wp\/v2\/pages\/794\/revisions"}],"predecessor-version":[{"id":850,"href":"https:\/\/metviral.com\/en\/wp-json\/wp\/v2\/pages\/794\/revisions\/850"}],"wp:attachment":[{"href":"https:\/\/metviral.com\/en\/wp-json\/wp\/v2\/media?parent=794"}],"curies":[{"name":"wp","href":"https:\/\/api.w.org\/{rel}","templated":true}]}}